{"id":808,"date":"2016-02-08T09:37:25","date_gmt":"2016-02-08T07:37:25","guid":{"rendered":"http:\/\/www.hankasalmenkotiseutuyhdistys.fi\/?page_id=808"},"modified":"2026-02-06T12:14:06","modified_gmt":"2026-02-06T10:14:06","slug":"avoinnaolo-ja-hinnat","status":"publish","type":"page","link":"https:\/\/www.hankasalmenkotiseutuyhdistys.fi\/?page_id=808","title":{"rendered":"Avoinnaolo ja hinnat"},"content":{"rendered":"\n<p><strong>Museokyl\u00e4 on avoinna <\/strong>kes\u00e4kauden ulkopuolella sopimuksen mukaan. <br><br><strong>P\u00e4\u00e4symaksut:<\/strong><br>Aikuiset: 5 \u20ac<br>Alle 18-v. ilmaiseksi<br><br><strong>Opastukset:<\/strong><br>aukioloaikojen ulkopuolella 50 \u20ac<br><br><a href=\"https:\/\/www.hankasalmenkotiseutuyhdistys.fi\/?page_id=679\"><strong>Opastusvaraukset ja Hallan tuvan vuokraus<\/strong><\/a><br><\/p>\n\n\n\n<p><strong>Museokyl\u00e4n osoite<\/strong>:<br>Kirkkorannantie 2<br>41520 Hankasalmi kk<\/p>\n\n\n\n<p><iframe loading=\"lazy\" src=\"https:\/\/www.google.com\/maps\/embed?pb=!1m14!1m8!1m3!1d1849.2862289980872!2d26.434823233218534!3d62.38672412835768!3m2!1i1024!2i768!4f13.1!3m3!1m2!1s0x0%3A0x5f139072272e2a61!2sHankasalmen+kotiseutumuseo!5e0!3m2!1sfi!2sfi!4v1408899143814\" width=\"400\" height=\"300\" frameborder=\"0\"><\/iframe><\/p>\n","protected":false},"excerpt":{"rendered":"<p>Museokyl\u00e4 on avoinna kes\u00e4kauden ulkopuolella sopimuksen mukaan. P\u00e4\u00e4symaksut:Aikuiset: 5 \u20acAlle 18-v. ilmaiseksi Opastukset:aukioloaikojen ulkopuolella 50 \u20ac Opastusvaraukset ja Hallan tuvan vuokraus Museokyl\u00e4n osoite:Kirkkorannantie 241520 Hankasalmi kk<\/p>\n","protected":false},"author":1,"featured_media":0,"parent":0,"menu_order":0,"comment_status":"closed","ping_status":"closed","template":"","meta":{"footnotes":""},"class_list":["post-808","page","type-page","status-publish","czr-hentry"],"aioseo_notices":[],"_links":{"self":[{"href":"https:\/\/www.hankasalmenkotiseutuyhdistys.fi\/index.php?rest_route=\/wp\/v2\/pages\/808","targetHints":{"allow":["GET"]}}],"collection":[{"href":"https:\/\/www.hankasalmenkotiseutuyhdistys.fi\/index.php?rest_route=\/wp\/v2\/pages"}],"about":[{"href":"https:\/\/www.hankasalmenkotiseutuyhdistys.fi\/index.php?rest_route=\/wp\/v2\/types\/page"}],"author":[{"embeddable":true,"href":"https:\/\/www.hankasalmenkotiseutuyhdistys.fi\/index.php?rest_route=\/wp\/v2\/users\/1"}],"replies":[{"embeddable":true,"href":"https:\/\/www.hankasalmenkotiseutuyhdistys.fi\/index.php?rest_route=%2Fwp%2Fv2%2Fcomments&post=808"}],"version-history":[{"count":53,"href":"https:\/\/www.hankasalmenkotiseutuyhdistys.fi\/index.php?rest_route=\/wp\/v2\/pages\/808\/revisions"}],"predecessor-version":[{"id":3137,"href":"https:\/\/www.hankasalmenkotiseutuyhdistys.fi\/index.php?rest_route=\/wp\/v2\/pages\/808\/revisions\/3137"}],"wp:attachment":[{"href":"https:\/\/www.hankasalmenkotiseutuyhdistys.fi\/index.php?rest_route=%2Fwp%2Fv2%2Fmedia&parent=808"}],"curies":[{"name":"wp","href":"https:\/\/api.w.org\/{rel}","templated":true}]}}