{"id":712,"date":"2016-02-03T12:58:13","date_gmt":"2016-02-03T12:58:13","guid":{"rendered":"http:\/\/www.hankasalmenkotiseutuyhdistys.fi\/?page_id=712"},"modified":"2024-04-30T13:24:22","modified_gmt":"2024-04-30T10:24:22","slug":"museopihan-kasvit","status":"publish","type":"page","link":"https:\/\/www.hankasalmenkotiseutuyhdistys.fi\/?page_id=712","title":{"rendered":"Museopihan kasvit"},"content":{"rendered":"\n<h5 class=\"wp-block-heading\">Perinneperennat<\/h5>\n\n\n\n<p>Kev\u00e4\u00e4ll\u00e4 2014 <em>Hankasalmen Puutarhaseura<\/em> siirsi paikallisista\u00a0vanhoista puutarhoista kukkia, sireeneit\u00e4, ruusuja ja\u00a0hy\u00f6tykasveja kuten humalaa, suopayrtti\u00e4, oulanninkukkaa (isohirvenjuuri) museokyl\u00e4n pihapiiriin. <a href=\"https:\/\/www.hankasalmenkotiseutuyhdistys.fi\/?page_id=496\">Tarkempia tietoja perinnekasveista l\u00f6yd\u00e4t t\u00e4\u00e4lt\u00e4.<\/a><\/p>\n\n\n\n<h5 class=\"wp-block-heading\">Museokyl\u00e4n nykyiset pihakasvit<\/h5>\n\n\n\n<p><strong>Hallan tuvan ikkunananaluspenkeiss\u00e4<\/strong> kasvaa jalop\u00e4hk\u00e4m\u00f6, juhannusruusu, kev\u00e4tkaihonkukka, pikku s\u00e4rkynyt syd\u00e4n, p\u00e4iv\u00e4nlilja, syysleimu, tuhatkaunokki, punainen palava rakkaus, iiris, ukonhattu, alikeija, vuoripioni ja maatiaisnarsissi. <strong>Pihalla<\/strong> kasvaa maksaruoho, merit\u00e4hti, isohirvenjuuri ja rohtoraunioyrtti, raparperi, lipstikka ja iisoppi. Sireeni, rusopajuangervo, terttuselja, joka oli vanhoissa taloissa ep\u00e4puhtaanalueen ja ihmispihan rajalla. Museokyl\u00e4ss\u00e4 se on yleis\u00f6wc:n l\u00e4hell\u00e4. Karjalasta tuotu vanha ruusu kasvaa my\u00f6s pihapiiriss\u00e4.<\/p>\n\n\n\n<h5 class=\"wp-block-heading\"><strong>Isohirvenjuuri<\/strong><\/h5>\n\n\n\n<p><strong>Savutuvan edustalla kaivon<\/strong> l\u00e4hist\u00f6ll\u00e4 kasvaa l\u00e4\u00e4kekasvina k\u00e4ytetty isohirvenjuuri. Se on siirretty museokyl\u00e4\u00e4n Ristim\u00e4est\u00e4. L\u00e4\u00e4kekasvina sen juurakkoa on k\u00e4ytetty matol\u00e4\u00e4kkeen\u00e4, keuhkotautien ja haavojen hoitoon sek\u00e4 vauhdittamaan ruuansulatusta. Kasvin suuriin lehtiin on k\u00e4\u00e4ritty milloin kalaa tai lihaa ja sit\u00e4 on voitu k\u00e4ytt\u00e4\u00e4 k\u00e4sipyyhkeen\u00e4 sek\u00e4 k\u00e4ytetty suojaamaan p\u00f6yd\u00e4ll\u00e4 olevia ruokia. Kansa kutsuu sit\u00e4 oulanninkukaksi, oolanninkukaksi.<\/p>\n\n\n\n<h5 class=\"wp-block-heading\">Muistokuusi<\/h5>\n\n\n\n<p>Ennenvanhaan Suomessa on istetutettu merkitt\u00e4vien&nbsp;tapahtumien kunniaksi tai muistoksi puita.&nbsp;Kuusi on ollut yleisimpi\u00e4, mm. itsen\u00e4isyyden kuusia ovat&nbsp;koululaiset istuttaneet monia, onpa kokonaisia Itsen\u00e4isyyden&nbsp;puistoja tai metsik\u00f6it\u00e4kin istutettu. Museokyl\u00e4\u00e4n on istutettu&nbsp;Keski-Suomen Sulasolin laulujuhlien kunniaksi kuusi kes\u00e4ll\u00e4&nbsp;1968.<\/p>\n\n\n<div class=\"wp-block-image\">\n<figure class=\"alignleft\"><a href=\"https:\/\/www.hankasalmenkotiseutuyhdistys.fi\/wp-content\/uploads\/MG_4521.jpg\"><img loading=\"lazy\" decoding=\"async\" width=\"850\" height=\"567\" src=\"https:\/\/www.hankasalmenkotiseutuyhdistys.fi\/wp-content\/uploads\/MG_4521.jpg\" alt=\"Perennapenkki perustettiin Hallan tuvan pihaan kev\u00e4\u00e4ll\u00e4 2014\" class=\"wp-image-308\"\/><\/a><figcaption class=\"wp-element-caption\">Perennapenkki perustettiin Hallan tuvan pihaan kev\u00e4\u00e4ll\u00e4 2014.<\/figcaption><\/figure>\n<\/div>","protected":false},"excerpt":{"rendered":"<p>Perinneperennat Kev\u00e4\u00e4ll\u00e4 2014 Hankasalmen Puutarhaseura siirsi paikallisista\u00a0vanhoista puutarhoista kukkia, sireeneit\u00e4, ruusuja ja\u00a0hy\u00f6tykasveja kuten humalaa, suopayrtti\u00e4, oulanninkukkaa (isohirvenjuuri) museokyl\u00e4n pihapiiriin. Tarkempia tietoja perinnekasveista l\u00f6yd\u00e4t t\u00e4\u00e4lt\u00e4. Museokyl\u00e4n nykyiset pihakasvit Hallan tuvan ikkunananaluspenkeiss\u00e4 kasvaa jalop\u00e4hk\u00e4m\u00f6, juhannusruusu, kev\u00e4tkaihonkukka, pikku s\u00e4rkynyt syd\u00e4n, p\u00e4iv\u00e4nlilja, syysleimu, tuhatkaunokki, punainen palava rakkaus, iiris, ukonhattu, alikeija, vuoripioni ja maatiaisnarsissi. Pihalla kasvaa maksaruoho, merit\u00e4hti, isohirvenjuuri ja [&hellip;]<\/p>\n","protected":false},"author":1,"featured_media":0,"parent":0,"menu_order":0,"comment_status":"closed","ping_status":"closed","template":"","meta":{"footnotes":""},"class_list":["post-712","page","type-page","status-publish","czr-hentry"],"aioseo_notices":[],"_links":{"self":[{"href":"https:\/\/www.hankasalmenkotiseutuyhdistys.fi\/index.php?rest_route=\/wp\/v2\/pages\/712","targetHints":{"allow":["GET"]}}],"collection":[{"href":"https:\/\/www.hankasalmenkotiseutuyhdistys.fi\/index.php?rest_route=\/wp\/v2\/pages"}],"about":[{"href":"https:\/\/www.hankasalmenkotiseutuyhdistys.fi\/index.php?rest_route=\/wp\/v2\/types\/page"}],"author":[{"embeddable":true,"href":"https:\/\/www.hankasalmenkotiseutuyhdistys.fi\/index.php?rest_route=\/wp\/v2\/users\/1"}],"replies":[{"embeddable":true,"href":"https:\/\/www.hankasalmenkotiseutuyhdistys.fi\/index.php?rest_route=%2Fwp%2Fv2%2Fcomments&post=712"}],"version-history":[{"count":9,"href":"https:\/\/www.hankasalmenkotiseutuyhdistys.fi\/index.php?rest_route=\/wp\/v2\/pages\/712\/revisions"}],"predecessor-version":[{"id":2637,"href":"https:\/\/www.hankasalmenkotiseutuyhdistys.fi\/index.php?rest_route=\/wp\/v2\/pages\/712\/revisions\/2637"}],"wp:attachment":[{"href":"https:\/\/www.hankasalmenkotiseutuyhdistys.fi\/index.php?rest_route=%2Fwp%2Fv2%2Fmedia&parent=712"}],"curies":[{"name":"wp","href":"https:\/\/api.w.org\/{rel}","templated":true}]}}