{"id":706,"date":"2016-02-03T12:54:41","date_gmt":"2016-02-03T12:54:41","guid":{"rendered":"http:\/\/www.hankasalmenkotiseutuyhdistys.fi\/?page_id=706"},"modified":"2024-04-30T13:43:20","modified_gmt":"2024-04-30T10:43:20","slug":"aittanayttelyt","status":"publish","type":"page","link":"https:\/\/www.hankasalmenkotiseutuyhdistys.fi\/?page_id=706","title":{"rendered":"Vaateaitta"},"content":{"rendered":"\n<figure class=\"wp-block-image alignwide size-large\"><img loading=\"lazy\" decoding=\"async\" width=\"750\" height=\"500\" src=\"https:\/\/www.hankasalmenkotiseutuyhdistys.fi\/wp-content\/uploads\/IMG_8676-750x500.jpg\" alt=\"\" class=\"wp-image-2253\" srcset=\"https:\/\/www.hankasalmenkotiseutuyhdistys.fi\/wp-content\/uploads\/IMG_8676-750x500.jpg 750w, https:\/\/www.hankasalmenkotiseutuyhdistys.fi\/wp-content\/uploads\/IMG_8676-600x400.jpg 600w, https:\/\/www.hankasalmenkotiseutuyhdistys.fi\/wp-content\/uploads\/IMG_8676-768x512.jpg 768w, https:\/\/www.hankasalmenkotiseutuyhdistys.fi\/wp-content\/uploads\/IMG_8676-1536x1024.jpg 1536w, https:\/\/www.hankasalmenkotiseutuyhdistys.fi\/wp-content\/uploads\/IMG_8676-2048x1365.jpg 2048w\" sizes=\"auto, (max-width: 750px) 100vw, 750px\" \/><\/figure>\n\n\n\n<div style=\"height:7px\" aria-hidden=\"true\" class=\"wp-block-spacer\"><\/div>\n\n\n\n<p>Museokyl\u00e4n<strong> vaateaitta <\/strong>on Ritalan tilalta Viitalahden kyl\u00e4lt\u00e4. Se miellet\u00e4\u00e4n nykyisin kuuluvaksi Venekosken kyl\u00e4\u00e4n. Aitta on vuodelta 1859. Sit\u00e4 kutsutaan vaateaitaksi, sill\u00e4 siell\u00e4 s\u00e4ilytettiin vaatteita. Talon tytt\u00e4relle tai pojalle saatettiin rakentaa aitta lahjaksi ja sen h\u00e4n voi vied\u00e4 mukanaan muuttaessaan uuteen kotipaikkaan. Vaateaitta ja aitat olivat suosittuja nukkumatiloja etenkin l\u00e4mpim\u00e4\u00e4n aikaan, sill\u00e4 kun asuntona oli yksi tupa, siell\u00e4 ei ollut omaa yksil\u00f6llist\u00e4 rauhaa. Paitsi nuoret, aitoissa nukkuivat mielell\u00e4\u00e4n my\u00f6s nuoret avioparit. Se mahdollisti hiukan intiimi\u00e4 yhteist\u00e4 el\u00e4m\u00e4\u00e4.&nbsp;<\/p>\n\n\n\n<p>Vaateaitassa on <strong>malka-<\/strong>, eli <strong>tuohikatto<\/strong>. Tuohilevyjen p\u00e4\u00e4lle ladotaan malkoja, eli kuusiriukuja, jotka pit\u00e4v\u00e4t tuohet paikoillaan.<\/p>\n\n\n\n<p>Vaateaitan ja savutuvan v\u00e4liss\u00e4 kasvaa <strong>muistokuusi<\/strong> vuonna 1968 j\u00e4rjestetyn suuren Sulasolin Keski-Suomen laulujuhlan kunniaksi.\u00a0<\/p>\n\n\n\n<div style=\"height:7px\" aria-hidden=\"true\" class=\"wp-block-spacer\"><\/div>\n\n\n\n<figure class=\"wp-block-image alignwide size-large\"><img loading=\"lazy\" decoding=\"async\" width=\"438\" height=\"500\" src=\"https:\/\/www.hankasalmenkotiseutuyhdistys.fi\/wp-content\/uploads\/vaateaitta-438x500.jpg\" alt=\"\" class=\"wp-image-2235\" srcset=\"https:\/\/www.hankasalmenkotiseutuyhdistys.fi\/wp-content\/uploads\/vaateaitta-438x500.jpg 438w, https:\/\/www.hankasalmenkotiseutuyhdistys.fi\/wp-content\/uploads\/vaateaitta-351x400.jpg 351w, https:\/\/www.hankasalmenkotiseutuyhdistys.fi\/wp-content\/uploads\/vaateaitta-768x876.jpg 768w, https:\/\/www.hankasalmenkotiseutuyhdistys.fi\/wp-content\/uploads\/vaateaitta.jpg 1229w\" sizes=\"auto, (max-width: 438px) 100vw, 438px\" \/><\/figure>\n","protected":false},"excerpt":{"rendered":"<p>Museokyl\u00e4n vaateaitta on Ritalan tilalta Viitalahden kyl\u00e4lt\u00e4. Se miellet\u00e4\u00e4n nykyisin kuuluvaksi Venekosken kyl\u00e4\u00e4n. Aitta on vuodelta 1859. Sit\u00e4 kutsutaan vaateaitaksi, sill\u00e4 siell\u00e4 s\u00e4ilytettiin vaatteita. Talon tytt\u00e4relle tai pojalle saatettiin rakentaa aitta lahjaksi ja sen h\u00e4n voi vied\u00e4 mukanaan muuttaessaan uuteen kotipaikkaan. Vaateaitta ja aitat olivat suosittuja nukkumatiloja etenkin l\u00e4mpim\u00e4\u00e4n aikaan, sill\u00e4 kun asuntona oli yksi [&hellip;]<\/p>\n","protected":false},"author":1,"featured_media":0,"parent":0,"menu_order":0,"comment_status":"closed","ping_status":"closed","template":"","meta":{"footnotes":""},"class_list":["post-706","page","type-page","status-publish","czr-hentry"],"aioseo_notices":[],"_links":{"self":[{"href":"https:\/\/www.hankasalmenkotiseutuyhdistys.fi\/index.php?rest_route=\/wp\/v2\/pages\/706","targetHints":{"allow":["GET"]}}],"collection":[{"href":"https:\/\/www.hankasalmenkotiseutuyhdistys.fi\/index.php?rest_route=\/wp\/v2\/pages"}],"about":[{"href":"https:\/\/www.hankasalmenkotiseutuyhdistys.fi\/index.php?rest_route=\/wp\/v2\/types\/page"}],"author":[{"embeddable":true,"href":"https:\/\/www.hankasalmenkotiseutuyhdistys.fi\/index.php?rest_route=\/wp\/v2\/users\/1"}],"replies":[{"embeddable":true,"href":"https:\/\/www.hankasalmenkotiseutuyhdistys.fi\/index.php?rest_route=%2Fwp%2Fv2%2Fcomments&post=706"}],"version-history":[{"count":13,"href":"https:\/\/www.hankasalmenkotiseutuyhdistys.fi\/index.php?rest_route=\/wp\/v2\/pages\/706\/revisions"}],"predecessor-version":[{"id":2309,"href":"https:\/\/www.hankasalmenkotiseutuyhdistys.fi\/index.php?rest_route=\/wp\/v2\/pages\/706\/revisions\/2309"}],"wp:attachment":[{"href":"https:\/\/www.hankasalmenkotiseutuyhdistys.fi\/index.php?rest_route=%2Fwp%2Fv2%2Fmedia&parent=706"}],"curies":[{"name":"wp","href":"https:\/\/api.w.org\/{rel}","templated":true}]}}