{"id":703,"date":"2016-02-03T12:51:11","date_gmt":"2016-02-03T12:51:11","guid":{"rendered":"http:\/\/www.hankasalmenkotiseutuyhdistys.fi\/?page_id=703"},"modified":"2024-04-30T13:48:36","modified_gmt":"2024-04-30T10:48:36","slug":"venekoppeli","status":"publish","type":"page","link":"https:\/\/www.hankasalmenkotiseutuyhdistys.fi\/?page_id=703","title":{"rendered":"Venekoppeli"},"content":{"rendered":"\n<p><\/p>\n\n\n\n<div class=\"wp-block-columns is-layout-flex wp-container-core-columns-is-layout-9d6595d7 wp-block-columns-is-layout-flex\">\n<div class=\"wp-block-column is-layout-flow wp-block-column-is-layout-flow\" style=\"flex-basis:33.33%\">\n<div style=\"height:19px\" aria-hidden=\"true\" class=\"wp-block-spacer\"><\/div>\n\n\n\n<figure class=\"wp-block-image size-large\"><img loading=\"lazy\" decoding=\"async\" width=\"476\" height=\"500\" src=\"https:\/\/www.hankasalmenkotiseutuyhdistys.fi\/wp-content\/uploads\/Hankasalmen-vaakuna-476x500.jpg\" alt=\"\" class=\"wp-image-2613\" srcset=\"https:\/\/www.hankasalmenkotiseutuyhdistys.fi\/wp-content\/uploads\/Hankasalmen-vaakuna-476x500.jpg 476w, https:\/\/www.hankasalmenkotiseutuyhdistys.fi\/wp-content\/uploads\/Hankasalmen-vaakuna-381x400.jpg 381w, https:\/\/www.hankasalmenkotiseutuyhdistys.fi\/wp-content\/uploads\/Hankasalmen-vaakuna.jpg 625w\" sizes=\"auto, (max-width: 476px) 100vw, 476px\" \/><figcaption class=\"wp-element-caption\">Hankasalmen vaakuna<\/figcaption><\/figure>\n<\/div>\n\n\n\n<div class=\"wp-block-column is-layout-flow wp-block-column-is-layout-flow\" style=\"flex-basis:66.66%\">\n<p>Vene oli entisajan el\u00e4m\u00e4ss\u00e4 hyvin t\u00e4rke\u00e4 sek\u00e4 kulkuv\u00e4lineen\u00e4 ett\u00e4 kalan hankkimimiseksi ruuaksi. Hankasalmen kansanomaisten puuveneiden laitalaudat ovat tavattoman leve\u00e4t. Ylempi rautahankainen vene on lahjoitettu S\u00e4kinm\u00e4en kyl\u00e4n Lamminp\u00e4\u00e4n talosta, joka sijaitsee Haukilammen rannalla.&nbsp;<\/p>\n\n\n\n<p>Alempi puuhankainen ja kolmilautalaitainen nuottavene on <em>Iso-Hertun <\/em>rannalla sijainneen Jussilan tilan is\u00e4nn\u00e4n <em>Adam Nyk\u00e4sen<\/em> (1820\u20131901). H\u00e4n toimi Hankasalmen kunnan ensimm\u00e4sen\u00e4 esimiehen\u00e4 1872-1979. Veneen puuhankain ja vitaslenkki olivat esikuvana Hankasalmen kunnan vaakunaa laadittaessa 1950-luvulla.<\/p>\n\n\n\n<p>Veneen lahjoitti kotiseutuyhdistykselle Adamin lapsenlapsi <em>Tilda Nyk\u00e4nen <\/em>(1891\u201384).<\/p>\n<\/div>\n<\/div>\n\n\n\n<div style=\"height:17px\" aria-hidden=\"true\" class=\"wp-block-spacer\"><\/div>\n\n\n\n<figure class=\"wp-block-image alignwide size-large\"><img loading=\"lazy\" decoding=\"async\" width=\"636\" height=\"500\" src=\"https:\/\/www.hankasalmenkotiseutuyhdistys.fi\/wp-content\/uploads\/IMG-20230711-WA0001-1-636x500.jpg\" alt=\"\" class=\"wp-image-2318\" srcset=\"https:\/\/www.hankasalmenkotiseutuyhdistys.fi\/wp-content\/uploads\/IMG-20230711-WA0001-1-636x500.jpg 636w, https:\/\/www.hankasalmenkotiseutuyhdistys.fi\/wp-content\/uploads\/IMG-20230711-WA0001-1-509x400.jpg 509w, https:\/\/www.hankasalmenkotiseutuyhdistys.fi\/wp-content\/uploads\/IMG-20230711-WA0001-1-768x604.jpg 768w, https:\/\/www.hankasalmenkotiseutuyhdistys.fi\/wp-content\/uploads\/IMG-20230711-WA0001-1.jpg 1536w\" sizes=\"auto, (max-width: 636px) 100vw, 636px\" \/><\/figure>\n","protected":false},"excerpt":{"rendered":"<p>Vene oli entisajan el\u00e4m\u00e4ss\u00e4 hyvin t\u00e4rke\u00e4 sek\u00e4 kulkuv\u00e4lineen\u00e4 ett\u00e4 kalan hankkimimiseksi ruuaksi. Hankasalmen kansanomaisten puuveneiden laitalaudat ovat tavattoman leve\u00e4t. Ylempi rautahankainen vene on lahjoitettu S\u00e4kinm\u00e4en kyl\u00e4n Lamminp\u00e4\u00e4n talosta, joka sijaitsee Haukilammen rannalla.&nbsp; Alempi puuhankainen ja kolmilautalaitainen nuottavene on Iso-Hertun rannalla sijainneen Jussilan tilan is\u00e4nn\u00e4n Adam Nyk\u00e4sen (1820\u20131901). H\u00e4n toimi Hankasalmen kunnan ensimm\u00e4sen\u00e4 esimiehen\u00e4 1872-1979. Veneen [&hellip;]<\/p>\n","protected":false},"author":1,"featured_media":0,"parent":0,"menu_order":0,"comment_status":"closed","ping_status":"closed","template":"","meta":{"footnotes":""},"class_list":["post-703","page","type-page","status-publish","czr-hentry"],"aioseo_notices":[],"_links":{"self":[{"href":"https:\/\/www.hankasalmenkotiseutuyhdistys.fi\/index.php?rest_route=\/wp\/v2\/pages\/703","targetHints":{"allow":["GET"]}}],"collection":[{"href":"https:\/\/www.hankasalmenkotiseutuyhdistys.fi\/index.php?rest_route=\/wp\/v2\/pages"}],"about":[{"href":"https:\/\/www.hankasalmenkotiseutuyhdistys.fi\/index.php?rest_route=\/wp\/v2\/types\/page"}],"author":[{"embeddable":true,"href":"https:\/\/www.hankasalmenkotiseutuyhdistys.fi\/index.php?rest_route=\/wp\/v2\/users\/1"}],"replies":[{"embeddable":true,"href":"https:\/\/www.hankasalmenkotiseutuyhdistys.fi\/index.php?rest_route=%2Fwp%2Fv2%2Fcomments&post=703"}],"version-history":[{"count":16,"href":"https:\/\/www.hankasalmenkotiseutuyhdistys.fi\/index.php?rest_route=\/wp\/v2\/pages\/703\/revisions"}],"predecessor-version":[{"id":2642,"href":"https:\/\/www.hankasalmenkotiseutuyhdistys.fi\/index.php?rest_route=\/wp\/v2\/pages\/703\/revisions\/2642"}],"wp:attachment":[{"href":"https:\/\/www.hankasalmenkotiseutuyhdistys.fi\/index.php?rest_route=%2Fwp%2Fv2%2Fmedia&parent=703"}],"curies":[{"name":"wp","href":"https:\/\/api.w.org\/{rel}","templated":true}]}}