{"id":679,"date":"2016-02-03T12:23:54","date_gmt":"2016-02-03T12:23:54","guid":{"rendered":"http:\/\/www.hankasalmenkotiseutuyhdistys.fi\/?page_id=679"},"modified":"2026-02-06T11:27:20","modified_gmt":"2026-02-06T09:27:20","slug":"yhteystiedot","status":"publish","type":"page","link":"https:\/\/www.hankasalmenkotiseutuyhdistys.fi\/?page_id=679","title":{"rendered":"Yhteystiedot"},"content":{"rendered":"\n<p><strong>p. 045 232 5978<br>posti(a)hankasalmenkotiseutuyhdistys.fi<\/strong><\/p>\n\n\n\n<hr class=\"wp-block-separator has-alpha-channel-opacity is-style-wide\"\/>\n\n\n\n<p><strong>Yhdistyksen puheenjohtaja<\/strong><em><br><\/em>Maija-Riitta Anttila<br>maijariitta.anttila@gmail.com<br>posti(at)hankasalmenkotiseutuyhdistys.fi<\/p>\n\n\n\n<p>Muut hallituksen j\u00e4senet<br><em>Olavi Puttonen<\/em><br>p. 0400 418 84, Pekka Peltokorpi (kiinteist\u00f6vastuu) 0504619599, Jari Aho, Riikka Pietil\u00e4inen, Marjo Pihlaja, Raimo Hyv\u00e4rinen.<\/p>\n\n\n\n<p><strong>Opasvaraukset ja Hallan tuvan vuokraus<\/strong><br>posti(at)hankasalmenkotiseutuyhdistys.fi<br>tai 045 232 5978<\/p>\n\n\n\n<p><strong>Museokyl\u00e4n osoite<\/strong><br>Kirkkorannantie 2<br>41520 Hankasalmi<\/p>\n\n\n\n<p><iframe loading=\"lazy\" style=\"border: 0px currentColor;\" src=\"https:\/\/www.google.com\/maps\/embed?pb=!1m14!1m8!1m3!1d1849.2862289980872!2d26.434823233218534!3d62.38672412835768!3m2!1i1024!2i768!4f13.1!3m3!1m2!1s0x0%3A0x5f139072272e2a61!2sHankasalmen+kotiseutumuseo!5e0!3m2!1sfi!2sfi!4v1408899143814\" width=\"400\" height=\"300\" frameborder=\"0\"><\/iframe><\/p>\n","protected":false},"excerpt":{"rendered":"<p>p. 045 232 5978posti(a)hankasalmenkotiseutuyhdistys.fi Yhdistyksen puheenjohtajaMaija-Riitta Anttilamaijariitta.anttila@gmail.composti(at)hankasalmenkotiseutuyhdistys.fi Muut hallituksen j\u00e4senetOlavi Puttonenp. 0400 418 84, Pekka Peltokorpi (kiinteist\u00f6vastuu) 0504619599, Jari Aho, Riikka Pietil\u00e4inen, Marjo Pihlaja, Raimo Hyv\u00e4rinen. Opasvaraukset ja Hallan tuvan vuokrausposti(at)hankasalmenkotiseutuyhdistys.fitai 045 232 5978 Museokyl\u00e4n osoiteKirkkorannantie 241520 Hankasalmi<\/p>\n","protected":false},"author":1,"featured_media":0,"parent":0,"menu_order":0,"comment_status":"closed","ping_status":"closed","template":"","meta":{"footnotes":""},"class_list":["post-679","page","type-page","status-publish","czr-hentry"],"aioseo_notices":[],"_links":{"self":[{"href":"https:\/\/www.hankasalmenkotiseutuyhdistys.fi\/index.php?rest_route=\/wp\/v2\/pages\/679","targetHints":{"allow":["GET"]}}],"collection":[{"href":"https:\/\/www.hankasalmenkotiseutuyhdistys.fi\/index.php?rest_route=\/wp\/v2\/pages"}],"about":[{"href":"https:\/\/www.hankasalmenkotiseutuyhdistys.fi\/index.php?rest_route=\/wp\/v2\/types\/page"}],"author":[{"embeddable":true,"href":"https:\/\/www.hankasalmenkotiseutuyhdistys.fi\/index.php?rest_route=\/wp\/v2\/users\/1"}],"replies":[{"embeddable":true,"href":"https:\/\/www.hankasalmenkotiseutuyhdistys.fi\/index.php?rest_route=%2Fwp%2Fv2%2Fcomments&post=679"}],"version-history":[{"count":28,"href":"https:\/\/www.hankasalmenkotiseutuyhdistys.fi\/index.php?rest_route=\/wp\/v2\/pages\/679\/revisions"}],"predecessor-version":[{"id":3135,"href":"https:\/\/www.hankasalmenkotiseutuyhdistys.fi\/index.php?rest_route=\/wp\/v2\/pages\/679\/revisions\/3135"}],"wp:attachment":[{"href":"https:\/\/www.hankasalmenkotiseutuyhdistys.fi\/index.php?rest_route=%2Fwp%2Fv2%2Fmedia&parent=679"}],"curies":[{"name":"wp","href":"https:\/\/api.w.org\/{rel}","templated":true}]}}