{"id":677,"date":"2016-02-03T12:06:13","date_gmt":"2016-02-03T12:06:13","guid":{"rendered":"http:\/\/www.hankasalmenkotiseutuyhdistys.fi\/?page_id=677"},"modified":"2024-04-30T13:30:06","modified_gmt":"2024-04-30T10:30:06","slug":"sauna-ja-navetta","status":"publish","type":"page","link":"https:\/\/www.hankasalmenkotiseutuyhdistys.fi\/?page_id=677","title":{"rendered":"Savusauna"},"content":{"rendered":"\n<p><\/p>\n\n\n\n<p><strong>Sauna<\/strong> on suomalaisille eritt\u00e4in t\u00e4rke\u00e4. Museokyl\u00e4n savusauna on 1900-luvun alkupuolelta ja siirretty museokyl\u00e4\u00e4n Hankasalmen savonpuolelta Sauvam\u00e4en Kuuselan tilalta. Saunassa on ruohokatto, jonka arveltiin olevan v\u00e4hemm\u00e4n tulelle altis. Savusaunoja paloi usein ja ne pyrittiin rakentamaan v\u00e4h\u00e4n syrjemp\u00e4\u00e4n muista rakennuksista, kuten riihikin.<\/p>\n\n\n\n<p>Sauvusaunaa l\u00e4mmitett\u00e4ess\u00e4 pidet\u00e4\u00e4n auki r\u00e4pp\u00e4n\u00e4, josta savu kulkeutuu ulos. Saunassa on peseydytty, l\u00e4mmin h\u00f6yty ja vihtominen koivuvastalla rentouttaa, irrottaa hien ja tekee hyv\u00e4\u00e4 hengitykselle. Saunassa on synnytty, tehty ruokaa, palvattu lihaa, hoidettu sairaita, hierottu, kupattu, pesty pyykki\u00e4 ja valmisteltu vainajat viimeiselle matkalle. Suomalaiseen juhlakulttuuriin kuului sanomimen ennen t\u00e4rke\u00e4\u00e4 tapahtumaa tai juhlap\u00e4iv\u00e4\u00e4. Perhesauna on ollut suomalaisille ominaista.&nbsp;<\/p>\n\n\n\n<p>Saunassa on my\u00f6s asuttu. Se on ollut uudisaukkaiden ensimm\u00e4inen rakennus. Saunakesteille se oli koti pitk\u00e4nkin aikaa. Saunakestit eli loiset olivat tilattomia ja asunnottomia. Ty\u00f6t\u00e4 vastaan he saivat asua saunassa, huolehtia polttopuista ja saunanl\u00e4mmitt\u00e4misest\u00e4. Kiireaikoina kes\u00e4ll\u00e4 he tekiv\u00e4t muitakin t\u00f6it\u00e4.&nbsp;<\/p>\n\n\n\n<div style=\"height:43px\" aria-hidden=\"true\" class=\"wp-block-spacer\"><\/div>\n\n\n<div id=\"metaslider-id-2156\" style=\"width: 100%;\" class=\"ml-slider-3-108-0 metaslider metaslider-flex metaslider-2156 ml-slider ms-theme-default nav-hidden\" role=\"region\" aria-label=\"Savusauna\" data-height=\"800\" data-width=\"800\">\n    <div id=\"metaslider_container_2156\">\n        <div id=\"metaslider_2156\">\n            <ul class='slides'>\n                <li style=\"display: block; width: 100%;\" class=\"slide-2175 ms-image \" aria-roledescription=\"slide\" data-date=\"2024-04-20 19:04:42\" data-filename=\"IMG_5921.JPG-1-800x800.jpg\" data-slide-type=\"image\"><img loading=\"lazy\" decoding=\"async\" src=\"https:\/\/www.hankasalmenkotiseutuyhdistys.fi\/wp-content\/uploads\/IMG_5921.JPG-1-800x800.jpg\" height=\"800\" width=\"800\" alt=\"savusauna Hankasalmen museokyl\u00e4ss\u00e4\" class=\"slider-2156 slide-2175 msDefaultImage\" title=\"Savusauna\" \/><\/li>\n                <li style=\"display: none; width: 100%;\" class=\"slide-2173 ms-image \" aria-roledescription=\"slide\" data-date=\"2024-04-20 19:04:41\" data-filename=\"20230609_133431-scaled-800x800.jpg\" data-slide-type=\"image\"><img loading=\"lazy\" decoding=\"async\" src=\"https:\/\/www.hankasalmenkotiseutuyhdistys.fi\/wp-content\/uploads\/20230609_133431-scaled-800x800.jpg\" height=\"800\" width=\"800\" alt=\"Savusauna Hankasalmen museokyl\u00e4ss\u00e4\" class=\"slider-2156 slide-2173 msDefaultImage\" title=\"Savusauna\" \/><\/li>\n                <li style=\"display: none; width: 100%;\" class=\"slide-2174 ms-image \" aria-roledescription=\"slide\" data-date=\"2024-04-20 19:04:42\" data-filename=\"IMG_0509-scaled-800x800.jpeg\" data-slide-type=\"image\"><img loading=\"lazy\" decoding=\"async\" src=\"https:\/\/www.hankasalmenkotiseutuyhdistys.fi\/wp-content\/uploads\/IMG_0509-scaled-800x800.jpeg\" height=\"800\" width=\"800\" alt=\"Savusaunan kiuas Hankasalmen museokyl\u00e4ss\u00e4\" class=\"slider-2156 slide-2174 msDefaultImage\" title=\"Kiuas\" \/><\/li>\n            <\/ul>\n        <\/div>\n        \n    <\/div>\n<\/div>\n","protected":false},"excerpt":{"rendered":"<p>Sauna on suomalaisille eritt\u00e4in t\u00e4rke\u00e4. Museokyl\u00e4n savusauna on 1900-luvun alkupuolelta ja siirretty museokyl\u00e4\u00e4n Hankasalmen savonpuolelta Sauvam\u00e4en Kuuselan tilalta. Saunassa on ruohokatto, jonka arveltiin olevan v\u00e4hemm\u00e4n tulelle altis. Savusaunoja paloi usein ja ne pyrittiin rakentamaan v\u00e4h\u00e4n syrjemp\u00e4\u00e4n muista rakennuksista, kuten riihikin. Sauvusaunaa l\u00e4mmitett\u00e4ess\u00e4 pidet\u00e4\u00e4n auki r\u00e4pp\u00e4n\u00e4, josta savu kulkeutuu ulos. Saunassa on peseydytty, l\u00e4mmin h\u00f6yty ja [&hellip;]<\/p>\n","protected":false},"author":1,"featured_media":0,"parent":0,"menu_order":0,"comment_status":"closed","ping_status":"closed","template":"","meta":{"footnotes":""},"class_list":["post-677","page","type-page","status-publish","czr-hentry"],"aioseo_notices":[],"_links":{"self":[{"href":"https:\/\/www.hankasalmenkotiseutuyhdistys.fi\/index.php?rest_route=\/wp\/v2\/pages\/677","targetHints":{"allow":["GET"]}}],"collection":[{"href":"https:\/\/www.hankasalmenkotiseutuyhdistys.fi\/index.php?rest_route=\/wp\/v2\/pages"}],"about":[{"href":"https:\/\/www.hankasalmenkotiseutuyhdistys.fi\/index.php?rest_route=\/wp\/v2\/types\/page"}],"author":[{"embeddable":true,"href":"https:\/\/www.hankasalmenkotiseutuyhdistys.fi\/index.php?rest_route=\/wp\/v2\/users\/1"}],"replies":[{"embeddable":true,"href":"https:\/\/www.hankasalmenkotiseutuyhdistys.fi\/index.php?rest_route=%2Fwp%2Fv2%2Fcomments&post=677"}],"version-history":[{"count":5,"href":"https:\/\/www.hankasalmenkotiseutuyhdistys.fi\/index.php?rest_route=\/wp\/v2\/pages\/677\/revisions"}],"predecessor-version":[{"id":2639,"href":"https:\/\/www.hankasalmenkotiseutuyhdistys.fi\/index.php?rest_route=\/wp\/v2\/pages\/677\/revisions\/2639"}],"wp:attachment":[{"href":"https:\/\/www.hankasalmenkotiseutuyhdistys.fi\/index.php?rest_route=%2Fwp%2Fv2%2Fmedia&parent=677"}],"curies":[{"name":"wp","href":"https:\/\/api.w.org\/{rel}","templated":true}]}}