{"id":670,"date":"2016-02-03T11:59:07","date_gmt":"2016-02-03T11:59:07","guid":{"rendered":"http:\/\/www.hankasalmenkotiseutuyhdistys.fi\/?page_id=670"},"modified":"2024-04-30T13:06:47","modified_gmt":"2024-04-30T10:06:47","slug":"esinemuseo","status":"publish","type":"page","link":"https:\/\/www.hankasalmenkotiseutuyhdistys.fi\/?page_id=670","title":{"rendered":"Esinemuseo"},"content":{"rendered":"\n<p><strong>Esinemuseo<\/strong> sijaitsee noin 200 metri\u00e4 museokyl\u00e4n ulkopuolella 1879 valmistuneessa entisess\u00e4 viljamakasiinissa. Sit\u00e4 ennen viljamakasiini toimi pappilan aitassa, oikeudet silloinen seurakunta sai 1856. Viljamakasiini eli lainajyv\u00e4st\u00f6talo on komea tuplahirsinen ja kaksikerroksinen rakennus. 1872 perustettu Hankasalmen kunta rakennutti sen paikallisella mestarilla Gabriel H\u00e4nnisell\u00e4. Viljamakasiinit olivat t\u00e4rkeit\u00e4 ruokahuollolle 1700-1800- ja viel\u00e4 1900-luvun alussa. Sielt\u00e4 lainattiin rukiin ja ohran siemeni\u00e4 ik\u00e4\u00e4nkuin nyt rahaa pankista. \u00c4\u00e4rimm\u00e4isess\u00e4 h\u00e4d\u00e4ss\u00e4 lainaksi sai sy\u00f6m\u00e4viljaa. Makasiinitoiminta viljan lainaajana loppui 1950 luvulla.&nbsp;<\/p>\n\n\n\n<p>Esinemuseo on paikkakunnan museotoiminnan l\u00e4ht\u00f6kohta. Hankasalmen manttaalikunta lahjoitti rakennuksen kotiseutuyhdistykselle 1961 ja seuraavana vuonna siell\u00e4 voitiin aloittaa museotoiminta. Entiset viljalaarit t\u00e4yttyv\u00e4t museoesineist\u00e4. 2016 valmistui uusi perusn\u00e4yttely. Se kertoo paikkakunnan kulttuurimaisemasta, esihistoriasta, seurakunnan ja kunnan synnyst\u00e4, el\u00e4m\u00e4st\u00e4 Ruotsin ja Ven\u00e4j\u00e4n vallan aikana, er\u00e4maapit\u00e4j\u00e4n koulu- ja kulttuurihistoriaa, maatalouden, karjanhoidon ja kotiel\u00e4m\u00e4n historiaa, suutareista, mets\u00e4t\u00f6ist\u00e4, kalastuksesta, naistent\u00f6ist\u00e4, kirkon historiaa, silloin kun kirkon teht\u00e4v\u00e4t olivat huomattavasti nykyist\u00e4 laajemmat. Esinemuseossa on koettavissa koskettavia tarinoita tavallisesta el\u00e4m\u00e4st\u00e4 niin hyvin\u00e4 kuin katovuosinakin ja sortokaudella \u201d<em>Halki vuosisatojen l\u00f6yd\u00e4t t\u00e4\u00e4lt\u00e4 eilisen. Korpiseudun syd\u00e4n ly\u00f6, joka arkip\u00e4iv\u00e4 ja syd\u00e4ny\u00f6. N\u00e4ihin mets\u00e4maisemiin hukun kaukaisiin ja unelmiin.\u201d Mikko Ikonen, Entisaikalaiset.<\/em><\/p>\n\n\n\n<div style=\"height:23px\" aria-hidden=\"true\" class=\"wp-block-spacer\"><\/div>\n\n\n<div id=\"metaslider-id-2284\" style=\"width: 100%;\" class=\"ml-slider-3-107-0 metaslider metaslider-flex metaslider-2284 ml-slider ms-theme-default nav-hidden\" role=\"region\" aria-label=\"Esinemuseo\" data-height=\"500\" data-width=\"800\">\n    <div id=\"metaslider_container_2284\">\n        <div id=\"metaslider_2284\">\n            <ul class='slides'>\n                <li style=\"display: block; width: 100%;\" class=\"slide-2320 ms-image \" aria-roledescription=\"slide\" data-date=\"2024-04-22 15:47:07\" data-filename=\"IMG-20231127-WA0000-800x500.jpg\" data-slide-type=\"image\"><img loading=\"lazy\" decoding=\"async\" src=\"https:\/\/www.hankasalmenkotiseutuyhdistys.fi\/wp-content\/uploads\/IMG-20231127-WA0000-800x500.jpg\" height=\"500\" width=\"800\" alt=\"\" class=\"slider-2284 slide-2320 msDefaultImage\" title=\"Esinemuseo Hankasalmi\" \/><\/li>\n                <li style=\"display: none; width: 100%;\" class=\"slide-2327 ms-image \" aria-roledescription=\"slide\" data-date=\"2024-04-22 15:49:02\" data-filename=\"esinemuseo_ylakerta-713x445.jpg\" data-slide-type=\"image\"><img loading=\"lazy\" decoding=\"async\" src=\"https:\/\/www.hankasalmenkotiseutuyhdistys.fi\/wp-content\/uploads\/esinemuseo_ylakerta-713x445.jpg\" height=\"500\" width=\"800\" alt=\"\" class=\"slider-2284 slide-2327 msDefaultImage\" title=\"esinemuseo_ylakerta\" \/><\/li>\n                <li style=\"display: none; width: 100%;\" class=\"slide-2324 ms-image \" aria-roledescription=\"slide\" data-date=\"2024-04-22 15:48:36\" data-filename=\"Esinemuseo_Kaikki_taulut-800x500.jpg\" data-slide-type=\"image\"><img loading=\"lazy\" decoding=\"async\" src=\"https:\/\/www.hankasalmenkotiseutuyhdistys.fi\/wp-content\/uploads\/Esinemuseo_Kaikki_taulut-800x500.jpg\" height=\"500\" width=\"800\" alt=\"\" class=\"slider-2284 slide-2324 msDefaultImage\" title=\"Esinemuseo_Kaikki_taulut\" \/><\/li>\n                <li style=\"display: none; width: 100%;\" class=\"slide-2325 ms-image \" aria-roledescription=\"slide\" data-date=\"2024-04-22 15:48:46\" data-filename=\"Esinemuseo-kassakone-1-700x437.jpg\" data-slide-type=\"image\"><img loading=\"lazy\" decoding=\"async\" src=\"https:\/\/www.hankasalmenkotiseutuyhdistys.fi\/wp-content\/uploads\/Esinemuseo-kassakone-1-700x437.jpg\" height=\"500\" width=\"800\" alt=\"\" class=\"slider-2284 slide-2325 msDefaultImage\" title=\"Esinemuseo kassakone\" \/><\/li>\n                <li style=\"display: none; width: 100%;\" class=\"slide-2332 ms-image \" aria-roledescription=\"slide\" data-date=\"2024-04-22 15:50:30\" data-filename=\"Esinemuseo-1-700x437.jpg\" data-slide-type=\"image\"><img loading=\"lazy\" decoding=\"async\" src=\"https:\/\/www.hankasalmenkotiseutuyhdistys.fi\/wp-content\/uploads\/Esinemuseo-1-700x437.jpg\" height=\"500\" width=\"800\" alt=\"\" class=\"slider-2284 slide-2332 msDefaultImage\" title=\"Esinemuseo 1\" \/><\/li>\n                <li style=\"display: none; width: 100%;\" class=\"slide-2326 ms-image \" aria-roledescription=\"slide\" data-date=\"2024-04-22 15:48:56\" data-filename=\"Esinemuseo-lyhdyt-700x437.jpg\" data-slide-type=\"image\"><img loading=\"lazy\" decoding=\"async\" src=\"https:\/\/www.hankasalmenkotiseutuyhdistys.fi\/wp-content\/uploads\/Esinemuseo-lyhdyt-700x437.jpg\" height=\"500\" width=\"800\" alt=\"\" class=\"slider-2284 slide-2326 msDefaultImage\" title=\"Esinemuseo lyhdyt\" \/><\/li>\n                <li style=\"display: none; width: 100%;\" class=\"slide-2323 ms-image \" aria-roledescription=\"slide\" data-date=\"2024-04-22 15:48:28\" data-filename=\"20230605_123643-scaled-800x500.jpg\" data-slide-type=\"image\"><img loading=\"lazy\" decoding=\"async\" src=\"https:\/\/www.hankasalmenkotiseutuyhdistys.fi\/wp-content\/uploads\/20230605_123643-scaled-800x500.jpg\" height=\"500\" width=\"800\" alt=\"\" class=\"slider-2284 slide-2323 msDefaultImage\" title=\"20230605_123643\" \/><\/li>\n                <li style=\"display: none; width: 100%;\" class=\"slide-2330 ms-image \" aria-roledescription=\"slide\" data-date=\"2024-04-22 15:50:13\" data-filename=\"Esinemuseo-radiot-700x437.jpg\" data-slide-type=\"image\"><img loading=\"lazy\" decoding=\"async\" src=\"https:\/\/www.hankasalmenkotiseutuyhdistys.fi\/wp-content\/uploads\/Esinemuseo-radiot-700x437.jpg\" height=\"500\" width=\"800\" alt=\"\" class=\"slider-2284 slide-2330 msDefaultImage\" title=\"Esinemuseo radiot\" \/><\/li>\n                <li style=\"display: none; width: 100%;\" class=\"slide-2331 ms-image \" aria-roledescription=\"slide\" data-date=\"2024-04-22 15:50:18\" data-filename=\"Esinemuseo-silitysraudat-700x437.jpg\" data-slide-type=\"image\"><img loading=\"lazy\" decoding=\"async\" src=\"https:\/\/www.hankasalmenkotiseutuyhdistys.fi\/wp-content\/uploads\/Esinemuseo-silitysraudat-700x437.jpg\" height=\"500\" width=\"800\" alt=\"\" class=\"slider-2284 slide-2331 msDefaultImage\" title=\"Esinemuseo silitysraudat\" \/><\/li>\n            <\/ul>\n        <\/div>\n        \n    <\/div>\n<\/div>\n","protected":false},"excerpt":{"rendered":"<p>Esinemuseo sijaitsee noin 200 metri\u00e4 museokyl\u00e4n ulkopuolella 1879 valmistuneessa entisess\u00e4 viljamakasiinissa. Sit\u00e4 ennen viljamakasiini toimi pappilan aitassa, oikeudet silloinen seurakunta sai 1856. Viljamakasiini eli lainajyv\u00e4st\u00f6talo on komea tuplahirsinen ja kaksikerroksinen rakennus. 1872 perustettu Hankasalmen kunta rakennutti sen paikallisella mestarilla Gabriel H\u00e4nnisell\u00e4. Viljamakasiinit olivat t\u00e4rkeit\u00e4 ruokahuollolle 1700-1800- ja viel\u00e4 1900-luvun alussa. Sielt\u00e4 lainattiin rukiin ja ohran [&hellip;]<\/p>\n","protected":false},"author":1,"featured_media":0,"parent":0,"menu_order":0,"comment_status":"closed","ping_status":"closed","template":"","meta":{"footnotes":""},"class_list":["post-670","page","type-page","status-publish","czr-hentry"],"aioseo_notices":[],"_links":{"self":[{"href":"https:\/\/www.hankasalmenkotiseutuyhdistys.fi\/index.php?rest_route=\/wp\/v2\/pages\/670","targetHints":{"allow":["GET"]}}],"collection":[{"href":"https:\/\/www.hankasalmenkotiseutuyhdistys.fi\/index.php?rest_route=\/wp\/v2\/pages"}],"about":[{"href":"https:\/\/www.hankasalmenkotiseutuyhdistys.fi\/index.php?rest_route=\/wp\/v2\/types\/page"}],"author":[{"embeddable":true,"href":"https:\/\/www.hankasalmenkotiseutuyhdistys.fi\/index.php?rest_route=\/wp\/v2\/users\/1"}],"replies":[{"embeddable":true,"href":"https:\/\/www.hankasalmenkotiseutuyhdistys.fi\/index.php?rest_route=%2Fwp%2Fv2%2Fcomments&post=670"}],"version-history":[{"count":22,"href":"https:\/\/www.hankasalmenkotiseutuyhdistys.fi\/index.php?rest_route=\/wp\/v2\/pages\/670\/revisions"}],"predecessor-version":[{"id":2333,"href":"https:\/\/www.hankasalmenkotiseutuyhdistys.fi\/index.php?rest_route=\/wp\/v2\/pages\/670\/revisions\/2333"}],"wp:attachment":[{"href":"https:\/\/www.hankasalmenkotiseutuyhdistys.fi\/index.php?rest_route=%2Fwp%2Fv2%2Fmedia&parent=670"}],"curies":[{"name":"wp","href":"https:\/\/api.w.org\/{rel}","templated":true}]}}