{"id":659,"date":"2016-02-03T10:57:19","date_gmt":"2016-02-03T10:57:19","guid":{"rendered":"http:\/\/www.hankasalmenkotiseutuyhdistys.fi\/?page_id=659"},"modified":"2024-04-30T13:40:19","modified_gmt":"2024-04-30T10:40:19","slug":"tee-lahjoitus","status":"publish","type":"page","link":"https:\/\/www.hankasalmenkotiseutuyhdistys.fi\/?page_id=659","title":{"rendered":"Tee lahjoitus"},"content":{"rendered":"\n<p>J\u00e4senyys on hyv\u00e4 tapa tukea kotiseutuyhdistyksen toimintaa, mutta voit halutessasi my\u00f6s lahjoittaa vapaavalintaisen summan yhdistyksen toiminnan tukemiseksi.<\/p>\n\n\n\n<p>Lahjoitus tehd\u00e4\u00e4n tilille:<strong>&nbsp;FI26 5035 0440 0089 59<br><\/strong>Saajan nimi on <strong>Hankasalmen kotiseutuyhdistys ry<\/strong><br>Kirjoita viestikentt\u00e4\u00e4n teksti <strong>&#8221;LAHJOITUS&#8221;<\/strong><\/p>\n\n\n\n<p>Kiitos lahjoituksestasi!<\/p>\n\n\n\n<p>Haluatko sittenkin liitty\u00e4 j\u00e4seneksi?<a href=\"https:\/\/www.hankasalmenkotiseutuyhdistys.fi\/?page_id=647\"> <strong>T\u00e4yt\u00e4 lomake.<\/strong><\/a><\/p>\n","protected":false},"excerpt":{"rendered":"<p>J\u00e4senyys on hyv\u00e4 tapa tukea kotiseutuyhdistyksen toimintaa, mutta voit halutessasi my\u00f6s lahjoittaa vapaavalintaisen summan yhdistyksen toiminnan tukemiseksi. Lahjoitus tehd\u00e4\u00e4n tilille:&nbsp;FI26 5035 0440 0089 59Saajan nimi on Hankasalmen kotiseutuyhdistys ryKirjoita viestikentt\u00e4\u00e4n teksti &#8221;LAHJOITUS&#8221; Kiitos lahjoituksestasi! Haluatko sittenkin liitty\u00e4 j\u00e4seneksi? T\u00e4yt\u00e4 lomake.<\/p>\n","protected":false},"author":1,"featured_media":0,"parent":0,"menu_order":0,"comment_status":"closed","ping_status":"closed","template":"","meta":{"footnotes":""},"class_list":["post-659","page","type-page","status-publish","czr-hentry"],"aioseo_notices":[],"_links":{"self":[{"href":"https:\/\/www.hankasalmenkotiseutuyhdistys.fi\/index.php?rest_route=\/wp\/v2\/pages\/659","targetHints":{"allow":["GET"]}}],"collection":[{"href":"https:\/\/www.hankasalmenkotiseutuyhdistys.fi\/index.php?rest_route=\/wp\/v2\/pages"}],"about":[{"href":"https:\/\/www.hankasalmenkotiseutuyhdistys.fi\/index.php?rest_route=\/wp\/v2\/types\/page"}],"author":[{"embeddable":true,"href":"https:\/\/www.hankasalmenkotiseutuyhdistys.fi\/index.php?rest_route=\/wp\/v2\/users\/1"}],"replies":[{"embeddable":true,"href":"https:\/\/www.hankasalmenkotiseutuyhdistys.fi\/index.php?rest_route=%2Fwp%2Fv2%2Fcomments&post=659"}],"version-history":[{"count":5,"href":"https:\/\/www.hankasalmenkotiseutuyhdistys.fi\/index.php?rest_route=\/wp\/v2\/pages\/659\/revisions"}],"predecessor-version":[{"id":2640,"href":"https:\/\/www.hankasalmenkotiseutuyhdistys.fi\/index.php?rest_route=\/wp\/v2\/pages\/659\/revisions\/2640"}],"wp:attachment":[{"href":"https:\/\/www.hankasalmenkotiseutuyhdistys.fi\/index.php?rest_route=%2Fwp%2Fv2%2Fmedia&parent=659"}],"curies":[{"name":"wp","href":"https:\/\/api.w.org\/{rel}","templated":true}]}}