{"id":647,"date":"2016-02-03T10:15:02","date_gmt":"2016-02-03T10:15:02","guid":{"rendered":"http:\/\/www.hankasalmenkotiseutuyhdistys.fi\/?page_id=647"},"modified":"2026-02-20T17:14:32","modified_gmt":"2026-02-20T15:14:32","slug":"liity-jaseneksi","status":"publish","type":"page","link":"https:\/\/www.hankasalmenkotiseutuyhdistys.fi\/?page_id=647","title":{"rendered":"Liity j\u00e4seneksi"},"content":{"rendered":"\n<p>Tervetuloa Hankasalmen kotiseutuyhdistyksen j\u00e4seneksi!<\/p>\n\n\n\n<p><strong>J\u00e4senmaksut:<\/strong><br>Henkil\u00f6j\u00e4senyys 20 \u20ac \/ hl\u00f6<br>Perhej\u00e4senyys 30 \u20ac \/ perhe<br>Yritys-\/yhteis\u00f6j\u00e4senyys 50 \u20ac \/ yritys<\/p>\n\n\n\n<p><strong>Voit liitty\u00e4 j\u00e4seneksi oheisella lomakkeella.<\/strong> J\u00e4senmaksu maksetaan pankkisiirrolla, joka toimitetaan ilmoittamaasi s\u00e4hk\u00f6posti- tai muuhun osoitteeseen. <a href=\"https:\/\/www.hankasalmenkotiseutuyhdistys.fi\/?page_id=659\">Mik\u00e4li haluat tehd\u00e4 <strong>lahjoituksen<\/strong> kotiseutuyhdistykselle, l\u00f6yd\u00e4t ohjeet t\u00e4\u00e4lt\u00e4.<\/a><\/p>\n\n\n\n<p><\/p>\n\n\n<div class=\"frm_forms  with_frm_style frm_style_formidable-style\" id=\"frm_form_3_container\" data-token=\"64df4fe0f2c96804663f3a222e84e7f5\">\n<form enctype=\"multipart\/form-data\" method=\"post\" class=\"frm-show-form \" id=\"form_liity-jaseneksi-2\" data-token=\"64df4fe0f2c96804663f3a222e84e7f5\">\n<div class=\"frm_form_fields \">\n<fieldset>\n<legend class=\"frm_screen_reader\">Liity j\u00e4seneksi 2<\/legend>\r\n\r\n<div class=\"frm_fields_container\">\n<input type=\"hidden\" name=\"frm_action\" value=\"create\" \/>\n<input type=\"hidden\" name=\"form_id\" value=\"3\" \/>\n<input type=\"hidden\" name=\"frm_hide_fields_3\" id=\"frm_hide_fields_3\" value=\"\" \/>\n<input type=\"hidden\" name=\"form_key\" value=\"liity-jaseneksi-2\" \/>\n<input type=\"hidden\" name=\"item_meta[0]\" value=\"\" \/>\n<input type=\"hidden\" id=\"frm_submit_entry_3\" name=\"frm_submit_entry_3\" value=\"aac4b56e46\" \/><input type=\"hidden\" name=\"_wp_http_referer\" value=\"\/index.php?rest_route=%2Fwp%2Fv2%2Fpages%2F647\" \/><div id=\"frm_field_21_container\" class=\"frm_form_field form-field  frm_required_field frm_top_container frm12\">\r\n\t<label for=\"field_fmjl3\" id=\"field_fmjl3_label\" class=\"frm_primary_label\">Nimi (etu- ja sukunimi TAI yrityksen nimi)\r\n\t\t<span class=\"frm_required\" aria-hidden=\"true\">*<\/span>\r\n\t<\/label>\r\n\t<input type=\"text\" id=\"field_fmjl3\" name=\"item_meta[21]\" value=\"\"  data-reqmsg=\"Nimi (etu- ja sukunimi TAI yrityksen nimi) ei voi olla tyhj\u00e4\" aria-required=\"true\" data-invmsg=\"Nimi (etu- ja sukunimi TAI yrityksen nimi) is invalid\" aria-invalid=\"false\"  \/>\r\n\t\r\n\t\r\n<\/div>\n<div id=\"frm_field_22_container\" class=\"frm_form_field form-field  frm_required_field frm_top_container\">\r\n\t<label for=\"field_p4x1u\" id=\"field_p4x1u_label\" class=\"frm_primary_label\">Katuosoite\r\n\t\t<span class=\"frm_required\" aria-hidden=\"true\">*<\/span>\r\n\t<\/label>\r\n\t<input type=\"text\" id=\"field_p4x1u\" name=\"item_meta[22]\" value=\"\"  data-reqmsg=\"Katuosoite ei voi olla tyhj\u00e4\" aria-required=\"true\" data-invmsg=\"Katuosoite is invalid\" aria-invalid=\"false\"  \/>\r\n\t\r\n\t\r\n<\/div>\n<div id=\"frm_field_23_container\" class=\"frm_form_field form-field  frm_required_field frm_top_container frm_half\">\r\n\t<label for=\"field_l97vy\" id=\"field_l97vy_label\" class=\"frm_primary_label\">Postinumero\r\n\t\t<span class=\"frm_required\" aria-hidden=\"true\">*<\/span>\r\n\t<\/label>\r\n\t<input type=\"text\" id=\"field_l97vy\" name=\"item_meta[23]\" value=\"\"  data-reqmsg=\"Postinumero ei voi olla tyhj\u00e4\" aria-required=\"true\" data-invmsg=\"Postinumero is invalid\" aria-invalid=\"false\"  \/>\r\n\t\r\n\t\r\n<\/div>\n<div id=\"frm_field_24_container\" class=\"frm_form_field form-field  frm_required_field frm_top_container frm_half\">\r\n\t<label for=\"field_ye2d9\" id=\"field_ye2d9_label\" class=\"frm_primary_label\">Postitoimipaikka\r\n\t\t<span class=\"frm_required\" aria-hidden=\"true\">*<\/span>\r\n\t<\/label>\r\n\t<input type=\"text\" id=\"field_ye2d9\" name=\"item_meta[24]\" value=\"\"  data-reqmsg=\"Postitoimipaikka ei voi olla tyhj\u00e4\" aria-required=\"true\" data-invmsg=\"Postitoimipaikka is invalid\" aria-invalid=\"false\"  \/>\r\n\t\r\n\t\r\n<\/div>\n<div id=\"frm_field_25_container\" class=\"frm_form_field form-field  frm_required_field frm_top_container frm_half\">\r\n\t<label for=\"field_c1y6s\" id=\"field_c1y6s_label\" class=\"frm_primary_label\">Puhelinnumero\r\n\t\t<span class=\"frm_required\" aria-hidden=\"true\">*<\/span>\r\n\t<\/label>\r\n\t<input type=\"tel\" id=\"field_c1y6s\" name=\"item_meta[25]\" value=\"\"  data-reqmsg=\"Puhelinnumero ei voi olla tyhj\u00e4\" aria-required=\"true\" data-invmsg=\"Puhelinnumero on v\u00e4\u00e4rin\" aria-invalid=\"false\" pattern=\"((\\+\\d{1,3}(-|.| )?\\(?\\d\\)?(-| |.)?\\d{1,5})|(\\(?\\d{2,6}\\)?))(-|.| )?(\\d{3,4})(-|.| )?(\\d{4})(( x| ext)\\d{1,5}){0,1}$\"  \/>\r\n\t\r\n\t\r\n<\/div>\n<div id=\"frm_field_26_container\" class=\"frm_form_field form-field  frm_top_container frm_half\">\r\n\t<label for=\"field_vys91\" id=\"field_vys91_label\" class=\"frm_primary_label\">S\u00e4hk\u00f6postiosoite\r\n\t\t<span class=\"frm_required\" aria-hidden=\"true\"><\/span>\r\n\t<\/label>\r\n\t<input type=\"email\" id=\"field_vys91\" name=\"item_meta[26]\" value=\"\"  data-invmsg=\"S\u00e4hk\u00f6postiosoite ei voi olla tyhj\u00e4\" aria-invalid=\"false\"  \/>\r\n\t\r\n\t\r\n<\/div>\n<div id=\"frm_field_27_container\" class=\"frm_form_field form-field  frm_top_container vertical_radio\">\r\n\t<div  id=\"field_1k51c_label\" class=\"frm_primary_label\">Valitse haluamasi j\u00e4senyyden laji\r\n\t\t<span class=\"frm_required\" aria-hidden=\"true\"><\/span>\r\n\t<\/div>\r\n\t<div class=\"frm_opt_container\" aria-labelledby=\"field_1k51c_label\" role=\"group\">\t\t<div class=\"frm_checkbox\" id=\"frm_checkbox_27-0\">\t\t\t<label  for=\"field_1k51c-0\">\n\t\t\t<input type=\"checkbox\" name=\"item_meta[27][]\" id=\"field_1k51c-0\" value=\"Henkil\u00f6j\u00e4senyys 20 \u20ac\/vuosi\"  data-invmsg=\"Valitse haluamasi j\u00e4senyyden laji is invalid\"   \/> Henkil\u00f6j\u00e4senyys 20 \u20ac\/vuosi<\/label><\/div>\n\t\t<div class=\"frm_checkbox\" id=\"frm_checkbox_27-1\">\t\t\t<label  for=\"field_1k51c-1\">\n\t\t\t<input type=\"checkbox\" name=\"item_meta[27][]\" id=\"field_1k51c-1\" value=\"Perhej\u00e4senyys 30 \u20ac\/vuosi\"  data-invmsg=\"Valitse haluamasi j\u00e4senyyden laji is invalid\"   \/> Perhej\u00e4senyys 30 \u20ac\/vuosi<\/label><\/div>\n\t\t<div class=\"frm_checkbox\" id=\"frm_checkbox_27-2\">\t\t\t<label  for=\"field_1k51c-2\">\n\t\t\t<input type=\"checkbox\" name=\"item_meta[27][]\" id=\"field_1k51c-2\" value=\"Yritysj\u00e4senyys 50 \u20ac\/vuosi\"  data-invmsg=\"Valitse haluamasi j\u00e4senyyden laji is invalid\"   \/> Yritysj\u00e4senyys 50 \u20ac\/vuosi<\/label><\/div>\n<\/div>\r\n\t\r\n\t\r\n<\/div>\n<div id=\"frm_field_31_container\" class=\"frm_form_field form-field  frm_top_container\">\r\n\t<label for=\"field_aqjhf\" id=\"field_aqjhf_label\" class=\"frm_primary_label\">Mik\u00e4li valitsit perhej\u00e4senyyden, kirjoita t\u00e4h\u00e4n muiden j\u00e4seniksi liittyvien perheenj\u00e4senten nimet\r\n\t\t<span class=\"frm_required\" aria-hidden=\"true\"><\/span>\r\n\t<\/label>\r\n\t<textarea name=\"item_meta[31]\" id=\"field_aqjhf\" rows=\"5\"  data-invmsg=\"Mik\u00e4li valitsit perhej\u00e4senyyden, kirjoita t\u00e4h\u00e4n muiden j\u00e4seniksi liittyvien perheenj\u00e4senten nimet is invalid\" aria-invalid=\"false\"  ><\/textarea>\r\n\t\r\n\t\r\n<\/div>\n<div id=\"frm_field_29_container\" class=\"frm_form_field form-field  frm_top_container frm_half\">\r\n\t<label for=\"field_96bqx\" id=\"field_96bqx_label\" class=\"frm_primary_label\">Yrityksen Y-tunnus\r\n\t\t<span class=\"frm_required\" aria-hidden=\"true\"><\/span>\r\n\t<\/label>\r\n\t<input type=\"text\" id=\"field_96bqx\" name=\"item_meta[29]\" value=\"\"  data-invmsg=\"Yrityksen Y-tunnus is invalid\" aria-invalid=\"false\"  \/>\r\n\t\r\n\t\r\n<\/div>\n<div id=\"frm_field_30_container\" class=\"frm_form_field form-field  frm_none_container frm_half\">\r\n\t<label for=\"g-recaptcha-response\" id=\"field_weotd_label\" class=\"frm_primary_label\">Todista viel\u00e4, ett\u00e4 et ole roskapostirobotti\r\n\t\t<span class=\"frm_required\" aria-hidden=\"true\"><\/span>\r\n\t<\/label>\r\n\t<div  id=\"field_weotd\" class=\"frm-g-recaptcha\" data-sitekey=\"6LefVycTAAAAAH0S9c5TzN-2rNcJxVefvebjCaPy\" data-size=\"normal\" data-theme=\"light\"><\/div>\r\n\t\r\n\t\r\n<\/div>\n<div id=\"frm_field_19_container\" class=\"frm_form_field form-field \">\r\n\t<div class=\"frm_submit frm_flex\">\r\n<button class=\"frm_button_submit\" type=\"submit\"  >L\u00c4HET\u00c4<\/button>\r\n\r\n\r\n\r\n<\/div>\r\n<\/div>\n\t<input type=\"hidden\" name=\"item_key\" value=\"\" \/>\n\t\t\t<div id=\"frm_field_32_container\">\n\t\t\t<label for=\"field_5frad\" >\n\t\t\t\tIf you are human, leave this field blank.\t\t\t<\/label>\n\t\t\t<input  id=\"field_5frad\" type=\"text\" class=\"frm_form_field form-field frm_verify\" name=\"item_meta[32]\" value=\"\"  \/>\n\t\t<\/div>\n\t\t<input name=\"frm_state\" type=\"hidden\" value=\"E\/bsFEWo8NbHeeGLHKeGRRp31PgWXkCj\/KvKKAO1ZL4=\" \/><\/div>\n<\/fieldset>\n<\/div>\n\n<p style=\"display: none !important;\" class=\"akismet-fields-container\" data-prefix=\"ak_\"><label>&#916;<textarea name=\"ak_hp_textarea\" cols=\"45\" rows=\"8\" maxlength=\"100\"><\/textarea><\/label><input type=\"hidden\" id=\"ak_js_1\" name=\"ak_js\" value=\"146\"\/><script>\ndocument.getElementById( \"ak_js_1\" ).setAttribute( \"value\", ( new Date() ).getTime() );\n<\/script>\n<\/p><\/form>\n<\/div>\n","protected":false},"excerpt":{"rendered":"<p>Tervetuloa Hankasalmen kotiseutuyhdistyksen j\u00e4seneksi! J\u00e4senmaksut:Henkil\u00f6j\u00e4senyys 20 \u20ac \/ hl\u00f6Perhej\u00e4senyys 30 \u20ac \/ perheYritys-\/yhteis\u00f6j\u00e4senyys 50 \u20ac \/ yritys Voit liitty\u00e4 j\u00e4seneksi oheisella lomakkeella. J\u00e4senmaksu maksetaan pankkisiirrolla, joka toimitetaan ilmoittamaasi s\u00e4hk\u00f6posti- tai muuhun osoitteeseen. Mik\u00e4li haluat tehd\u00e4 lahjoituksen kotiseutuyhdistykselle, l\u00f6yd\u00e4t ohjeet t\u00e4\u00e4lt\u00e4.<\/p>\n","protected":false},"author":1,"featured_media":0,"parent":0,"menu_order":0,"comment_status":"closed","ping_status":"closed","template":"","meta":{"footnotes":""},"class_list":["post-647","page","type-page","status-publish","czr-hentry"],"aioseo_notices":[],"_links":{"self":[{"href":"https:\/\/www.hankasalmenkotiseutuyhdistys.fi\/index.php?rest_route=\/wp\/v2\/pages\/647","targetHints":{"allow":["GET"]}}],"collection":[{"href":"https:\/\/www.hankasalmenkotiseutuyhdistys.fi\/index.php?rest_route=\/wp\/v2\/pages"}],"about":[{"href":"https:\/\/www.hankasalmenkotiseutuyhdistys.fi\/index.php?rest_route=\/wp\/v2\/types\/page"}],"author":[{"embeddable":true,"href":"https:\/\/www.hankasalmenkotiseutuyhdistys.fi\/index.php?rest_route=\/wp\/v2\/users\/1"}],"replies":[{"embeddable":true,"href":"https:\/\/www.hankasalmenkotiseutuyhdistys.fi\/index.php?rest_route=%2Fwp%2Fv2%2Fcomments&post=647"}],"version-history":[{"count":17,"href":"https:\/\/www.hankasalmenkotiseutuyhdistys.fi\/index.php?rest_route=\/wp\/v2\/pages\/647\/revisions"}],"predecessor-version":[{"id":3147,"href":"https:\/\/www.hankasalmenkotiseutuyhdistys.fi\/index.php?rest_route=\/wp\/v2\/pages\/647\/revisions\/3147"}],"wp:attachment":[{"href":"https:\/\/www.hankasalmenkotiseutuyhdistys.fi\/index.php?rest_route=%2Fwp%2Fv2%2Fmedia&parent=647"}],"curies":[{"name":"wp","href":"https:\/\/api.w.org\/{rel}","templated":true}]}}