{"id":5,"date":"2012-07-03T07:18:57","date_gmt":"2012-07-03T07:18:57","guid":{"rendered":"http:\/\/www.hankasalmenkotiseutuyhdistys.fi\/?page_id=5"},"modified":"2025-09-19T13:49:00","modified_gmt":"2025-09-19T10:49:00","slug":"yhdistys","status":"publish","type":"page","link":"https:\/\/www.hankasalmenkotiseutuyhdistys.fi\/?page_id=5","title":{"rendered":"Hankasalmen kotiseutuyhdistys ry"},"content":{"rendered":"<div class=\"wp-block-image\">\n<figure class=\"alignleft size-full is-resized\"><img loading=\"lazy\" decoding=\"async\" width=\"500\" height=\"500\" src=\"https:\/\/www.hankasalmenkotiseutuyhdistys.fi\/wp-content\/uploads\/IMG_0925.jpeg\" alt=\"\" class=\"wp-image-2415\" style=\"width:234px;height:auto\" srcset=\"https:\/\/www.hankasalmenkotiseutuyhdistys.fi\/wp-content\/uploads\/IMG_0925.jpeg 500w, https:\/\/www.hankasalmenkotiseutuyhdistys.fi\/wp-content\/uploads\/IMG_0925-400x400.jpeg 400w\" sizes=\"auto, (max-width: 500px) 100vw, 500px\" \/><\/figure>\n<\/div>\n\n\n<p><strong>Hankasalmen kotiseutuyhdistys ry<\/strong> on perustettu vuonna 1954. Se on yleishy\u00f6dyllinen voittoatavoittelematon yhdistys.<\/p>\n\n\n\n<p>Yhdistyksen arvoja ovat el\u00e4v\u00e4n mielenkiinnon ja harrastuksen her\u00e4tt\u00e4minen paikallishistoriaan, kotiseudun kaikenpuoliseen kehitt\u00e4miseen, ty\u00f6skentely arvokkaan kansanperinteen esilletuomiseksi, vaalimiseksi ja kehitt\u00e4miseksi sek\u00e4 ty\u00f6 paikallisten luontoarvojen hyv\u00e4ksi. Yhdistys j\u00e4rjest\u00e4\u00e4 lukuisia tapahtumia, ty\u00f6pajoja, seminaareja ja retki\u00e4 sek\u00e4 opastaa niin lapsi-, nuoriso &amp; aikuisk\u00e4vij\u00f6it\u00e4. Suurin osa kotiseututy\u00f6st\u00e4 tehd\u00e4\u00e4n talkoilla. \u201dMuseokyl\u00e4 on Suomen paras historianopetuspaikka\u201d, sill\u00e4 se sijaitsee aivan Kuuhankaveden koulun ja Sillankorvan p\u00e4iv\u00e4kodin vieress\u00e4. Yhdistys kuuluu Suomen kotiseutuliiton suureen j\u00e4senperheeseen.<\/p>\n\n\n\n<p>Yhdistyksell\u00e4 on vaalittavanaan maakunnallisesti arvokas rakennettu kulttuuriymp\u00e4rist\u00f6 <strong><a href=\"https:\/\/www.hankasalmenkotiseutuyhdistys.fi\/?page_id=7\">museokyl\u00e4<\/a><\/strong> ja sen 13 rakennusta kokoelmineen, n\u00e4yttelyineen, pihapiireineen, sek\u00e4 lis\u00e4ksi <strong><a href=\"https:\/\/www.hankasalmenkotiseutuyhdistys.fi\/?page_id=15\">kotiseutuarkisto<\/a><\/strong>.&nbsp;<\/p>\n\n\n\n<p><a href=\"https:\/\/www.hankasalmenkotiseutuyhdistys.fi\/?page_id=670\"><strong>Esinemuseon<\/strong><\/a> perusn\u00e4yttely uusittiin 2013\u20132016. Sen yhteydess\u00e4 konservoitiin Hankasalmen vanhan kirkon kirkkomaalari <em>Carl Fredrik Blomin<\/em> 1847 maalaamat alttaritaulut <em>Ristiinnaulittu<\/em>, <em>Mooses ja Luther<\/em>. Niit\u00e4 ei en\u00e4\u00e4 sijoitettu esinemuseon kirkko-osastolle, vaan Hankasalmen kirkon urkulehterille.<\/p>\n\n\n\n<p><a href=\"https:\/\/www.hankasalmenkotiseutuyhdistys.fi\/wp-content\/uploads\/sa\u0308a\u0308nno\u0308t-prhHANKASALMEN-KOTISEUTUYHDISTYS-RY-prh.pdf\" target=\"_blank\" rel=\"noopener nofollow\" title=\"\"><strong>Hankasalmen kotiseutuyhdistyksen uudistetut s\u00e4\u00e4nn\u00f6t<\/strong><\/a>\u00a0(hyv\u00e4ksytty vuosikokouksessa 26.3.2025 ja Patentti- ja rekisterihallituksessa 15.7.2025).<\/p>\n\n\n\n<p><strong>Lis\u00e4tietoa:<\/strong>&nbsp;<a href=\"http:\/\/Emuseo.fi\/hankasalmi\" target=\"_blank\" rel=\"noreferrer noopener\">Emuseo.fi\/hankasalmi<\/a><\/p>\n\n\n\n<h4 class=\"wp-block-heading\">Palkintoja ja huomionosoituksia<\/h4>\n\n\n\n<p>          2024 Keski-Suomen kotiseututeko-palkinto El\u00e4v\u00e4 museokyl\u00e4 -konseptilla. Suomen                 Kotiseutuliiton kilpailu.<\/p>\n\n\n\n<ul class=\"wp-block-list\">\n<li>Vuoden kotiseutuyhdistys 2020, my\u00f6nt\u00e4j\u00e4 Suomen Kotiseutuliitto<\/li>\n\n\n\n<li>Hallan tuvan peruskorjauksesta Suomen Kotiseutuliiton Hyv\u00e4n korjauksen -kilpailusta kunniakirja<\/li>\n\n\n\n<li>Museokyl\u00e4n hoidosta 2017 kunniakirja, my\u00f6nt\u00e4j\u00e4 Keski-Suomen maakunnan kulttuuriymp\u00e4rist\u00f6ty\u00f6ryhm\u00e4 (MAKU)<\/li>\n<\/ul>\n\n\n\n<p><strong>Tervetuloa mukaan toimintaan ja kehitt\u00e4m\u00e4\u00e4n sit\u00e4! Sinua tarvitaan. <a href=\"https:\/\/www.hankasalmenkotiseutuyhdistys.fi\/?page_id=647\">J\u00e4seneksi voit liitty\u00e4 t\u00e4st\u00e4.<\/a>&nbsp;<\/strong><\/p>\n\n\n\n<div style=\"height:46px\" aria-hidden=\"true\" class=\"wp-block-spacer\"><\/div>\n\n\n\n<p>Katso my\u00f6s Hankasalmen kotiseutuyhdistyksen <a href=\"https:\/\/www.youtube.com\/@hankasalmenkotiseutuyhdist5991\" target=\"_blank\" rel=\"noreferrer noopener\"><strong>YouTube-kanavaa<\/strong><\/a>. Siell\u00e4 on runsaasti erilaisia videojulkaisuja.<\/p>\n\n\n\n<figure class=\"wp-block-embed alignwide is-type-video is-provider-youtube wp-block-embed-youtube wp-embed-aspect-16-9 wp-has-aspect-ratio\"><div class=\"wp-block-embed__wrapper\">\n<iframe loading=\"lazy\" title=\"Hallan tupa 400 vuotta\" width=\"1140\" height=\"641\" src=\"https:\/\/www.youtube.com\/embed\/20U7gtSZbgg?feature=oembed\" frameborder=\"0\" allow=\"accelerometer; autoplay; clipboard-write; encrypted-media; gyroscope; picture-in-picture; web-share\" referrerpolicy=\"strict-origin-when-cross-origin\" allowfullscreen><\/iframe>\n<\/div><\/figure>\n\n\n\n<p><\/p>\n","protected":false},"excerpt":{"rendered":"<p>Hankasalmen kotiseutuyhdistys ry on perustettu vuonna 1954. Se on yleishy\u00f6dyllinen voittoatavoittelematon yhdistys. Yhdistyksen arvoja ovat el\u00e4v\u00e4n mielenkiinnon ja harrastuksen her\u00e4tt\u00e4minen paikallishistoriaan, kotiseudun kaikenpuoliseen kehitt\u00e4miseen, ty\u00f6skentely arvokkaan kansanperinteen esilletuomiseksi, vaalimiseksi ja kehitt\u00e4miseksi sek\u00e4 ty\u00f6 paikallisten luontoarvojen hyv\u00e4ksi. Yhdistys j\u00e4rjest\u00e4\u00e4 lukuisia tapahtumia, ty\u00f6pajoja, seminaareja ja retki\u00e4 sek\u00e4 opastaa niin lapsi-, nuoriso &amp; aikuisk\u00e4vij\u00f6it\u00e4. Suurin osa kotiseututy\u00f6st\u00e4 tehd\u00e4\u00e4n [&hellip;]<\/p>\n","protected":false},"author":1,"featured_media":0,"parent":0,"menu_order":2,"comment_status":"closed","ping_status":"closed","template":"","meta":{"footnotes":""},"class_list":["post-5","page","type-page","status-publish","czr-hentry"],"aioseo_notices":[],"_links":{"self":[{"href":"https:\/\/www.hankasalmenkotiseutuyhdistys.fi\/index.php?rest_route=\/wp\/v2\/pages\/5","targetHints":{"allow":["GET"]}}],"collection":[{"href":"https:\/\/www.hankasalmenkotiseutuyhdistys.fi\/index.php?rest_route=\/wp\/v2\/pages"}],"about":[{"href":"https:\/\/www.hankasalmenkotiseutuyhdistys.fi\/index.php?rest_route=\/wp\/v2\/types\/page"}],"author":[{"embeddable":true,"href":"https:\/\/www.hankasalmenkotiseutuyhdistys.fi\/index.php?rest_route=\/wp\/v2\/users\/1"}],"replies":[{"embeddable":true,"href":"https:\/\/www.hankasalmenkotiseutuyhdistys.fi\/index.php?rest_route=%2Fwp%2Fv2%2Fcomments&post=5"}],"version-history":[{"count":43,"href":"https:\/\/www.hankasalmenkotiseutuyhdistys.fi\/index.php?rest_route=\/wp\/v2\/pages\/5\/revisions"}],"predecessor-version":[{"id":3043,"href":"https:\/\/www.hankasalmenkotiseutuyhdistys.fi\/index.php?rest_route=\/wp\/v2\/pages\/5\/revisions\/3043"}],"wp:attachment":[{"href":"https:\/\/www.hankasalmenkotiseutuyhdistys.fi\/index.php?rest_route=%2Fwp%2Fv2%2Fmedia&parent=5"}],"curies":[{"name":"wp","href":"https:\/\/api.w.org\/{rel}","templated":true}]}}