{"id":496,"date":"2015-05-10T11:17:29","date_gmt":"2015-05-10T11:17:29","guid":{"rendered":"http:\/\/www.hankasalmenkotiseutuyhdistys.fi\/?page_id=496"},"modified":"2016-02-03T13:08:39","modified_gmt":"2016-02-03T13:08:39","slug":"perinnekasvit-pihapiirissa","status":"publish","type":"page","link":"https:\/\/www.hankasalmenkotiseutuyhdistys.fi\/?page_id=496","title":{"rendered":"Perinneperennat"},"content":{"rendered":"<figure id=\"attachment_563\" aria-describedby=\"caption-attachment-563\" style=\"width: 308px\" class=\"wp-caption alignright\"><a href=\"https:\/\/www.hankasalmenkotiseutuyhdistys.fi\/wp-content\/uploads\/perinneperennatbellis.jpg\"><img loading=\"lazy\" decoding=\"async\" class=\"wp-image-563\" src=\"https:\/\/www.hankasalmenkotiseutuyhdistys.fi\/wp-content\/uploads\/perinneperennatbellis.jpg\" alt=\"perinneperennatbellis\" width=\"308\" height=\"266\" srcset=\"https:\/\/www.hankasalmenkotiseutuyhdistys.fi\/wp-content\/uploads\/perinneperennatbellis.jpg 3017w, https:\/\/www.hankasalmenkotiseutuyhdistys.fi\/wp-content\/uploads\/perinneperennatbellis-464x400.jpg 464w, https:\/\/www.hankasalmenkotiseutuyhdistys.fi\/wp-content\/uploads\/perinneperennatbellis-580x500.jpg 580w\" sizes=\"auto, (max-width: 308px) 100vw, 308px\" \/><\/a><figcaption id=\"caption-attachment-563\" class=\"wp-caption-text\">Kansanparantaja Santeri Viinikainen, joka rakasti kukkia, sanoi: &#8221;Tulkaa katsomaan, miten kukat hymyilev\u00e4t&#8221;. Kuvassa Bellis eli Kaunokainen.<\/figcaption><\/figure>\n<p><strong>Hankasalmen puutarhaseura ry<\/strong>. on ker\u00e4nnyt ja istuttanut perinteisi\u00e4 suomalaisten pihojen kasveja Hallan Tuvan pihamaalle. Suunnitelmat istutuksista ja niiss\u00e4 olevista kasveista tehtiin yhdess\u00e4 Kotiseutuyhdistyksen kanssa. Penkit perustettiin ja monivuotiset kukat sek\u00e4 pensaat istutettiin talkooty\u00f6n\u00e4 toukokuussa vuonna 2014.<\/p>\n<p>Kaikki Hallan Tuvan pihaan valitut kasvit ovat hankasalmelaisista pihoista. Hankasalmelle ne ovat saattaneet tulla saatuna kauempaakin Suomesta, ne on saatettu ostaa itselle, kasvattaa siemenest\u00e4 tai ne ovat kiert\u00e4neet taimienvaihtotorilla. Kaikkien kasvien aiempaa alkuper\u00e4\u00e4 ei tiedet\u00e4 tai muisteta. Kasvit ovat yleisesti puutarhoissa k\u00e4ytettyj\u00e4 ja helppohoitoisia perinnekasveja.<\/p>\n<figure id=\"attachment_308\" aria-describedby=\"caption-attachment-308\" style=\"width: 850px\" class=\"wp-caption alignleft\"><a href=\"https:\/\/www.hankasalmenkotiseutuyhdistys.fi\/wp-content\/uploads\/MG_4521.jpg\"><img loading=\"lazy\" decoding=\"async\" class=\"size-full wp-image-308\" src=\"https:\/\/www.hankasalmenkotiseutuyhdistys.fi\/wp-content\/uploads\/MG_4521.jpg\" alt=\"Perennapenkki perustettiin Hallan tuvan pihaan kev\u00e4\u00e4ll\u00e4 2014\" width=\"850\" height=\"567\" \/><\/a><figcaption id=\"caption-attachment-308\" class=\"wp-caption-text\">Perennapenkki perustettiin Hallan tuvan pihaan kev\u00e4\u00e4ll\u00e4 2014<\/figcaption><\/figure>\n<p>Helvi J\u00e4rvinen lahjoitti Hallan tuvan pihaan <strong>violettikukkaista syreeni\u00e4<\/strong>, joka on h\u00e4nen omasta pihastaan. J\u00e4ms\u00e4st\u00e4 lapsuudenkodin pihasta on <strong>saksankurjenmiekka<\/strong> ja <strong>palavarakkau<em>s<\/em><\/strong>. J\u00e4ms\u00e4st\u00e4 siskoltaan Raili Virtaselta Helvi on saanut <strong>kev\u00e4tpikkusyd\u00e4nt\u00e4<\/strong> ja <strong>kaunokaista<\/strong>. <strong>Valkoinen syysleimu<\/strong> on h\u00e4nen omasta pihastaan. \u2013 Loppukes\u00e4st\u00e4 siirrettiin pihapiirin reunaan <strong>vaaleanpunaisena kukkiva ruusupensas<\/strong>. Sen alku on haettu sotien j\u00e4lkeen Helvin vanhempien Soposten kotipaikalta Karjalasta luovutetulta alueelta Kivennavan Hiirel\u00e4nkyl\u00e4st\u00e4. Ruusupensas tuli museopihaan siirtolaisten kunniaksi. Lis\u00e4ksi istutettiin pihaan kannon juureen Helvilt\u00e4 <strong>m\u00f6kinruusua<\/strong>.<\/p>\n<figure id=\"attachment_307\" aria-describedby=\"caption-attachment-307\" style=\"width: 850px\" class=\"wp-caption alignleft\"><a href=\"https:\/\/www.hankasalmenkotiseutuyhdistys.fi\/wp-content\/uploads\/MG_4519.jpg\"><img loading=\"lazy\" decoding=\"async\" class=\"size-full wp-image-307\" src=\"https:\/\/www.hankasalmenkotiseutuyhdistys.fi\/wp-content\/uploads\/MG_4519.jpg\" alt=\"Syysleimu Hallan tuvan pihalla\" width=\"850\" height=\"567\" \/><\/a><figcaption id=\"caption-attachment-307\" class=\"wp-caption-text\">Syysleimu<\/figcaption><\/figure>\n<p>Ulla Kolehmainen toi kukkapenkkiin <strong>pienik\u00e4enrieskaa<\/strong>, joka on per\u00e4isin Hankasalmen K\u00e4rkk\u00e4\u00e4l\u00e4st\u00e4. H\u00e4nelt\u00e4 on my\u00f6s <strong>perinteinen, valkokukkainen ja tuoksuva narsissi<\/strong> sek\u00e4 <strong>ruskolilja<\/strong>, jotka kummatkin ovat Niinilahden Halmeniemest\u00e4. Ulla toi lis\u00e4ksi mausteenakin k\u00e4ytetty\u00e4 <strong>v\u00e4riminttua<\/strong>.<\/p>\n<p>Sinikka Leinonen lahjoitti perennapenkkiin monta kasvia. H\u00e4nen tuomansa <strong>punakukkainen syysleimu<\/strong> on per\u00e4isin hankasalmelaisen Leena Matilaisen pihasta. <strong>Siperiankurjenmiekka<\/strong> ja <strong>jalop\u00e4hk\u00e4m\u00f6<\/strong> ovat paikalliselta taimienvaihtotorilta, <strong>s\u00e4rkynytsyd\u00e4n<\/strong> on omasta pihasta ja <strong>akileijan<\/strong> Sinikka on kasvattanut itse siemenest\u00e4. <strong>Tummansininen ukonhattu<\/strong> ja <strong>malva<\/strong> on pelastettu omalla kotitiell\u00e4 olevalta autiotalon pihalta Hankavedell\u00e4. My\u00f6s Sinikka toi kaunokaista, toiselta nimelt\u00e4\u00e4n<strong> tuhatkaunokkia<\/strong>, joka on toiselta Sinikka Leinoselta Lintulasta Hankaveden rannalta. <strong>Pikkus\u00e4rkynytsyd\u00e4n<\/strong> on Tommolan tilalta.<\/p>\n<figure id=\"attachment_306\" aria-describedby=\"caption-attachment-306\" style=\"width: 212px\" class=\"wp-caption alignleft\"><a href=\"https:\/\/www.hankasalmenkotiseutuyhdistys.fi\/wp-content\/uploads\/MG_4515-e1408978689133.jpg\"><img loading=\"lazy\" decoding=\"async\" class=\"wp-image-306\" src=\"https:\/\/www.hankasalmenkotiseutuyhdistys.fi\/wp-content\/uploads\/MG_4515-e1408978689133.jpg\" alt=\"S\u00e4rkynyt syd\u00e4n kukkii Hallan tuvan pihamaalla\" width=\"212\" height=\"319\" \/><\/a><figcaption id=\"caption-attachment-306\" class=\"wp-caption-text\">S\u00e4rkynytsyd\u00e4n<\/figcaption><\/figure>\n<p>Raija Pellinen on my\u00f6s l\u00f6yt\u00e4nyt <strong>sinist\u00e4 ukonhattua<\/strong> toiselta autiotalolta H\u00f6s\u00e4l\u00e4st\u00e4. H\u00e4n toi kukkapenkkiin ukonhatun lis\u00e4ksi<strong> valko-punaista harjaneilikkaa<\/strong>, joka on alun perin Riitta Kolehmaiselta Hankasalmelta. Leila Partti toi kukkapenkkiin <strong>rohtosuopayrtti\u00e4 ja akileijaa<\/strong> Kovalanm\u00e4est\u00e4.<\/p>\n<p>Leena H\u00e4kkinen lahjoitti <strong>oolankia eli oolanninkukkaa<\/strong>, joka istutettiin savupirtin eteen. T\u00e4m\u00e4 Ristim\u00e4est\u00e4 siirretty savupirtti on Leenalle merkityksellinen, sill\u00e4 h\u00e4nen is\u00e4n\u00e4itins\u00e4 Miina Pietil\u00e4inen on asunut lapsena siin\u00e4. Oolanninkukka eli <strong>isohirvenjuuri<\/strong> on Leenan kotopihasta Iekin talosta Ristim\u00e4est\u00e4. Sinne sen ovat tuoneet tullessaan kilometrin p\u00e4\u00e4st\u00e4 Pujolan m\u00f6kist\u00e4 Liisa ja Marja Savolainen, jotka olivat sitten saunakestin\u00e4 eli vuokralaisina Iekin pihan saunassa. Leenan is\u00e4n Viljam Viinikaisen perhe muutti Vanhaan Iekin taloon 1902 ja silloin kasvi oli jo pihassa.<\/p>\n<p>Kaija Halmeen kasvit ovat kulkeneet pidemm\u00e4n matkan Hankasalmelle. <strong>Siperiankurjenmiekka<\/strong> on tuttavan lapsuuden kodin pihasta Perni\u00f6st\u00e4. <strong>Jalop\u00e4hk\u00e4m\u00f6<\/strong> on taas alun perin Kokem\u00e4elt\u00e4 Satakunnasta ennen vuotta 1972 isovanhempien talon puutarhasta. Sielt\u00e4 se on kulkeutunut Kaijan vanhempien kes\u00e4m\u00f6kin pihaan Heinolaan, sielt\u00e4 oman kodin pihaan J\u00e4rvenp\u00e4\u00e4h\u00e4n ja sitten 2000-luvun alussa Hankasalmelle Kaijan omaan pihaan.<\/p>\n<p>Virpi Kainulainen toi Hallan tuvan pihaan k\u00f6ynn\u00f6ksen,<strong> humalan<\/strong> sek\u00e4 <strong>rusopajuangervopensaita<\/strong>. Ne kaikki ovat h\u00e4nen omalta pihaltaan Niemisj\u00e4rvelt\u00e4 ja ovat olleet siell\u00e4 jo silloin, kun h\u00e4n taloon muutti.<\/p>\n<p>Joitakin perinnekasveja Hallan Tuvalla oli jo valmiina. Kuistin kummallakin puolella ja talon p\u00e4\u00e4dyss\u00e4 on <strong>juhannusruusua<\/strong>. My\u00f6s yksi <strong>vaaleanpunakukkainen syreeni<\/strong> ja <strong>pihlaja<\/strong> kasvaa pihamaalla.<\/p>\n<p><strong>Pienikaunokainen<\/strong> on kulkeutunut S\u00e4kinm\u00e4en J\u00e4\u00e4skel\u00e4nm\u00e4elt\u00e4.<\/p>\n<p>Pienen Pappilan pihapiirist\u00e4 <strong>sinivuokkoja<\/strong>.<\/p>\n<p><strong>Karjasta l\u00e4ht\u00f6isin olevan ruusun<\/strong> on lahjoittanut Eija P\u00e4\u00e4kk\u00f6nen.<\/p>\n<figure id=\"attachment_290\" aria-describedby=\"caption-attachment-290\" style=\"width: 850px\" class=\"wp-caption alignleft\"><a href=\"https:\/\/www.hankasalmenkotiseutuyhdistys.fi\/wp-content\/uploads\/MG_4378.jpg\"><img loading=\"lazy\" decoding=\"async\" class=\"size-full wp-image-290\" src=\"https:\/\/www.hankasalmenkotiseutuyhdistys.fi\/wp-content\/uploads\/MG_4378.jpg\" alt=\"Pihlajanmarjoja savusaunan edustalla\" width=\"850\" height=\"567\" \/><\/a><figcaption id=\"caption-attachment-290\" class=\"wp-caption-text\">Pihlaja syksyll\u00e4 2014<\/figcaption><\/figure>\n","protected":false},"excerpt":{"rendered":"<p>Hankasalmen puutarhaseura ry. on ker\u00e4nnyt ja istuttanut perinteisi\u00e4 suomalaisten pihojen kasveja Hallan Tuvan pihamaalle. Suunnitelmat istutuksista ja niiss\u00e4 olevista kasveista tehtiin yhdess\u00e4 Kotiseutuyhdistyksen kanssa. Penkit perustettiin ja monivuotiset kukat sek\u00e4 pensaat istutettiin talkooty\u00f6n\u00e4 toukokuussa vuonna 2014. Kaikki Hallan Tuvan pihaan valitut kasvit ovat hankasalmelaisista pihoista. Hankasalmelle ne ovat saattaneet tulla saatuna kauempaakin Suomesta, ne on [&hellip;]<\/p>\n","protected":false},"author":1,"featured_media":0,"parent":0,"menu_order":0,"comment_status":"closed","ping_status":"closed","template":"","meta":{"footnotes":""},"class_list":["post-496","page","type-page","status-publish","czr-hentry"],"aioseo_notices":[],"_links":{"self":[{"href":"https:\/\/www.hankasalmenkotiseutuyhdistys.fi\/index.php?rest_route=\/wp\/v2\/pages\/496","targetHints":{"allow":["GET"]}}],"collection":[{"href":"https:\/\/www.hankasalmenkotiseutuyhdistys.fi\/index.php?rest_route=\/wp\/v2\/pages"}],"about":[{"href":"https:\/\/www.hankasalmenkotiseutuyhdistys.fi\/index.php?rest_route=\/wp\/v2\/types\/page"}],"author":[{"embeddable":true,"href":"https:\/\/www.hankasalmenkotiseutuyhdistys.fi\/index.php?rest_route=\/wp\/v2\/users\/1"}],"replies":[{"embeddable":true,"href":"https:\/\/www.hankasalmenkotiseutuyhdistys.fi\/index.php?rest_route=%2Fwp%2Fv2%2Fcomments&post=496"}],"version-history":[{"count":17,"href":"https:\/\/www.hankasalmenkotiseutuyhdistys.fi\/index.php?rest_route=\/wp\/v2\/pages\/496\/revisions"}],"predecessor-version":[{"id":505,"href":"https:\/\/www.hankasalmenkotiseutuyhdistys.fi\/index.php?rest_route=\/wp\/v2\/pages\/496\/revisions\/505"}],"wp:attachment":[{"href":"https:\/\/www.hankasalmenkotiseutuyhdistys.fi\/index.php?rest_route=%2Fwp%2Fv2%2Fmedia&parent=496"}],"curies":[{"name":"wp","href":"https:\/\/api.w.org\/{rel}","templated":true}]}}