{"id":2353,"date":"2024-04-23T19:53:51","date_gmt":"2024-04-23T16:53:51","guid":{"rendered":"https:\/\/www.hankasalmenkotiseutuyhdistys.fi\/?page_id=2353"},"modified":"2024-04-30T13:22:08","modified_gmt":"2024-04-30T10:22:08","slug":"navetta","status":"publish","type":"page","link":"https:\/\/www.hankasalmenkotiseutuyhdistys.fi\/?page_id=2353","title":{"rendered":"Navetta"},"content":{"rendered":"\n<p><strong>Navetta<\/strong> on Halttulan kyl\u00e4n Tiiholan tilalta, joka oli kyl\u00e4n kantatiloja, asuttuna jo 1500-luvun lopulla. Itse navettarakennuksen ik\u00e4\u00e4 ei tiedet\u00e4, mutta se toimi karjasuojana vuodesta 1844 vuoteen 1896, jonka j\u00e4lkeen se muutettiin hein\u00e4ladoksi. Ovia levennettiin, jotta maatalouskoneita mahtui kulemaan niiss\u00e4. Musoon siirt\u00e4misen vaiheessa navettaa lyhennettiin 12 metrin pituudelta. Navetan pihanpuoleisessa ovessa on \u201dmuasep\u00e4n\u201d (kyl\u00e4sep\u00e4n) takoma kaunis sarana, jossa vuosiluku 1768.&nbsp;<\/p>\n\n\n\n<p>Navetan nurkat ovat p\u00e4ist\u00e4\u00e4n suorakulmaiseksi veistetyt sulkanurkat. Paksuin hirsi on 41 cm:n korkuinen. Sivuseinien ylempien hirsien konsolit ovat luoteisp\u00e4\u00e4dyss\u00e4 paikkakunnalla yleisen mallin mukaan koristellut.&nbsp;<\/p>\n\n\n\n<p>Navetta ei toimi museorakennuksena, vaan varastona ja navetan takapuolelle on remontoitu nykyaikaiset WC-tilat museokyl\u00e4ss\u00e4 k\u00e4vij\u00f6it\u00e4 varten.<\/p>\n\n\n\n<div style=\"height:20px\" aria-hidden=\"true\" class=\"wp-block-spacer\"><\/div>\n\n\n<div id=\"metaslider-id-2356\" style=\"width: 100%;\" class=\"ml-slider-3-107-0 metaslider metaslider-flex metaslider-2356 ml-slider ms-theme-default nav-hidden\" role=\"region\" aria-label=\"Navetta\" data-height=\"500\" data-width=\"800\">\n    <div id=\"metaslider_container_2356\">\n        <div id=\"metaslider_2356\">\n            <ul class='slides'>\n                <li style=\"display: block; width: 100%;\" class=\"slide-2369 ms-image \" aria-roledescription=\"slide\" data-date=\"2024-04-23 19:56:08\" data-filename=\"DSC0703-scaled-800x500.jpg\" data-slide-type=\"image\"><img loading=\"lazy\" decoding=\"async\" src=\"https:\/\/www.hankasalmenkotiseutuyhdistys.fi\/wp-content\/uploads\/DSC0703-scaled-800x500.jpg\" height=\"500\" width=\"800\" alt=\"\" class=\"slider-2356 slide-2369 msDefaultImage\" title=\"Navetan ovi Hankasalmen museokyl\u00e4\" \/><\/li>\n                <li style=\"display: none; width: 100%;\" class=\"slide-2370 ms-image \" aria-roledescription=\"slide\" data-date=\"2024-04-23 19:56:08\" data-filename=\"DSC0704-scaled-800x500.jpg\" data-slide-type=\"image\"><img loading=\"lazy\" decoding=\"async\" src=\"https:\/\/www.hankasalmenkotiseutuyhdistys.fi\/wp-content\/uploads\/DSC0704-scaled-800x500.jpg\" height=\"500\" width=\"800\" alt=\"\" class=\"slider-2356 slide-2370 msDefaultImage\" title=\"Navetan oven saranat\" \/><\/li>\n            <\/ul>\n        <\/div>\n        \n    <\/div>\n<\/div>\n","protected":false},"excerpt":{"rendered":"<p>Navetta on Halttulan kyl\u00e4n Tiiholan tilalta, joka oli kyl\u00e4n kantatiloja, asuttuna jo 1500-luvun lopulla. Itse navettarakennuksen ik\u00e4\u00e4 ei tiedet\u00e4, mutta se toimi karjasuojana vuodesta 1844 vuoteen 1896, jonka j\u00e4lkeen se muutettiin hein\u00e4ladoksi. Ovia levennettiin, jotta maatalouskoneita mahtui kulemaan niiss\u00e4. Musoon siirt\u00e4misen vaiheessa navettaa lyhennettiin 12 metrin pituudelta. Navetan pihanpuoleisessa ovessa on \u201dmuasep\u00e4n\u201d (kyl\u00e4sep\u00e4n) takoma kaunis [&hellip;]<\/p>\n","protected":false},"author":1,"featured_media":0,"parent":0,"menu_order":0,"comment_status":"closed","ping_status":"closed","template":"","meta":{"footnotes":""},"class_list":["post-2353","page","type-page","status-publish","czr-hentry"],"aioseo_notices":[],"_links":{"self":[{"href":"https:\/\/www.hankasalmenkotiseutuyhdistys.fi\/index.php?rest_route=\/wp\/v2\/pages\/2353","targetHints":{"allow":["GET"]}}],"collection":[{"href":"https:\/\/www.hankasalmenkotiseutuyhdistys.fi\/index.php?rest_route=\/wp\/v2\/pages"}],"about":[{"href":"https:\/\/www.hankasalmenkotiseutuyhdistys.fi\/index.php?rest_route=\/wp\/v2\/types\/page"}],"author":[{"embeddable":true,"href":"https:\/\/www.hankasalmenkotiseutuyhdistys.fi\/index.php?rest_route=\/wp\/v2\/users\/1"}],"replies":[{"embeddable":true,"href":"https:\/\/www.hankasalmenkotiseutuyhdistys.fi\/index.php?rest_route=%2Fwp%2Fv2%2Fcomments&post=2353"}],"version-history":[{"count":3,"href":"https:\/\/www.hankasalmenkotiseutuyhdistys.fi\/index.php?rest_route=\/wp\/v2\/pages\/2353\/revisions"}],"predecessor-version":[{"id":2374,"href":"https:\/\/www.hankasalmenkotiseutuyhdistys.fi\/index.php?rest_route=\/wp\/v2\/pages\/2353\/revisions\/2374"}],"wp:attachment":[{"href":"https:\/\/www.hankasalmenkotiseutuyhdistys.fi\/index.php?rest_route=%2Fwp%2Fv2%2Fmedia&parent=2353"}],"curies":[{"name":"wp","href":"https:\/\/api.w.org\/{rel}","templated":true}]}}