{"id":2200,"date":"2024-04-22T12:21:36","date_gmt":"2024-04-22T09:21:36","guid":{"rendered":"https:\/\/www.hankasalmenkotiseutuyhdistys.fi\/?page_id=2200"},"modified":"2024-04-30T13:42:16","modified_gmt":"2024-04-30T10:42:16","slug":"tuulimylly","status":"publish","type":"page","link":"https:\/\/www.hankasalmenkotiseutuyhdistys.fi\/?page_id=2200","title":{"rendered":"Tuulimylly"},"content":{"rendered":"\n<p><strong>Tuulimylly<\/strong> on tuotu S\u00e4kinm\u00e4en kyl\u00e4n Lamminp\u00e4\u00e4n tilalta. Se on ensimm\u00e4isi\u00e4 museokyl\u00e4\u00e4n siirrettyj\u00e4 rakennuksia, \u201djauhamaan hyv\u00e4\u00e4 tuulta\u201d, kuten sanonta kuului. Mutta itseasiassa mylly jauhoi tuulen energiaa hyv\u00e4ksik\u00e4ytt\u00e4en viljan jyvist\u00e4 jauhoja. Oven sis\u00e4pinnassa on vuosiluku 1784. Mylly\u00e4 k\u00e4ytettiin viljanjyvien jauhamiseen 1940-luvun lopulle saakka. Mylly on tyypilt\u00e4\u00e4n Hankasalmelle ominainen varvasmylly eli jalkamylly, mik\u00e4 tarkoittaa ett\u00e4 mylly voitiin k\u00e4\u00e4nt\u00e4\u00e4 lavan p\u00e4\u00e4ll\u00e4 olevan puomin avulla sopivaan kulmaan tuuleen n\u00e4hden. Suuret myllynkivet ovat myllyn sis\u00e4ll\u00e4 laudoista tehdyn kotelon sis\u00e4ll\u00e4, jossa niit\u00e4 voitiin liikutella nostovivun avulla kulloinkin halutun jauhokarkeuden mukaan.&nbsp;<\/p>\n\n\n\n<p>Tuulimyllyn kyljess\u00e4 on tuulivoimalla toimiva p\u00e4reh\u00f6yl\u00e4. P\u00e4reit\u00e4 tarvittiin kattomateriaaliksi. P\u00e4reit\u00e4 k\u00e4yttettiin my\u00f6s sis\u00e4tiloissa valonl\u00e4hteen\u00e4. P\u00e4repihdin p\u00e4reet olivat noin 50 cm ja sen paloaika oli noin 25 minuuttia.<\/p>\n\n\n\n<p>Ennenvanhaan tuulimyllyj\u00e4 n\u00e4ki maisemassa hyvin usein, niit\u00e4 oli kaikissa isommissa taloissa. Lamminp\u00e4\u00e4n talo oli kestikievaritalo, joiden teht\u00e4v\u00e4n\u00e4 oli postin ja matkustavaisten kyyditseminen hevosilla kievarista toiseen. Ne olivat my\u00f6s majataloja, joissa y\u00f6vyttiin sy\u00f6tiin. Kestikievareita oli noin 20 km v\u00e4lein. Lamminp\u00e4\u00e4n vanha kestikievarina toiminut talo on rakennettu 1782.<\/p>\n\n\n\n<p><\/p>\n\n\n\n<figure class=\"wp-block-image alignwide size-large\"><img loading=\"lazy\" decoding=\"async\" width=\"375\" height=\"500\" src=\"https:\/\/www.hankasalmenkotiseutuyhdistys.fi\/wp-content\/uploads\/P8110296-375x500.jpg\" alt=\"\" class=\"wp-image-2240\" srcset=\"https:\/\/www.hankasalmenkotiseutuyhdistys.fi\/wp-content\/uploads\/P8110296-375x500.jpg 375w, https:\/\/www.hankasalmenkotiseutuyhdistys.fi\/wp-content\/uploads\/P8110296-300x400.jpg 300w, https:\/\/www.hankasalmenkotiseutuyhdistys.fi\/wp-content\/uploads\/P8110296-768x1024.jpg 768w, https:\/\/www.hankasalmenkotiseutuyhdistys.fi\/wp-content\/uploads\/P8110296-1152x1536.jpg 1152w, https:\/\/www.hankasalmenkotiseutuyhdistys.fi\/wp-content\/uploads\/P8110296-1536x2048.jpg 1536w, https:\/\/www.hankasalmenkotiseutuyhdistys.fi\/wp-content\/uploads\/P8110296-scaled.jpg 1920w\" sizes=\"auto, (max-width: 375px) 100vw, 375px\" \/><\/figure>\n","protected":false},"excerpt":{"rendered":"<p>Tuulimylly on tuotu S\u00e4kinm\u00e4en kyl\u00e4n Lamminp\u00e4\u00e4n tilalta. Se on ensimm\u00e4isi\u00e4 museokyl\u00e4\u00e4n siirrettyj\u00e4 rakennuksia, \u201djauhamaan hyv\u00e4\u00e4 tuulta\u201d, kuten sanonta kuului. Mutta itseasiassa mylly jauhoi tuulen energiaa hyv\u00e4ksik\u00e4ytt\u00e4en viljan jyvist\u00e4 jauhoja. Oven sis\u00e4pinnassa on vuosiluku 1784. Mylly\u00e4 k\u00e4ytettiin viljanjyvien jauhamiseen 1940-luvun lopulle saakka. Mylly on tyypilt\u00e4\u00e4n Hankasalmelle ominainen varvasmylly eli jalkamylly, mik\u00e4 tarkoittaa ett\u00e4 mylly voitiin k\u00e4\u00e4nt\u00e4\u00e4 [&hellip;]<\/p>\n","protected":false},"author":1,"featured_media":0,"parent":0,"menu_order":0,"comment_status":"closed","ping_status":"closed","template":"","meta":{"footnotes":""},"class_list":["post-2200","page","type-page","status-publish","czr-hentry"],"aioseo_notices":[],"_links":{"self":[{"href":"https:\/\/www.hankasalmenkotiseutuyhdistys.fi\/index.php?rest_route=\/wp\/v2\/pages\/2200","targetHints":{"allow":["GET"]}}],"collection":[{"href":"https:\/\/www.hankasalmenkotiseutuyhdistys.fi\/index.php?rest_route=\/wp\/v2\/pages"}],"about":[{"href":"https:\/\/www.hankasalmenkotiseutuyhdistys.fi\/index.php?rest_route=\/wp\/v2\/types\/page"}],"author":[{"embeddable":true,"href":"https:\/\/www.hankasalmenkotiseutuyhdistys.fi\/index.php?rest_route=\/wp\/v2\/users\/1"}],"replies":[{"embeddable":true,"href":"https:\/\/www.hankasalmenkotiseutuyhdistys.fi\/index.php?rest_route=%2Fwp%2Fv2%2Fcomments&post=2200"}],"version-history":[{"count":2,"href":"https:\/\/www.hankasalmenkotiseutuyhdistys.fi\/index.php?rest_route=\/wp\/v2\/pages\/2200\/revisions"}],"predecessor-version":[{"id":2310,"href":"https:\/\/www.hankasalmenkotiseutuyhdistys.fi\/index.php?rest_route=\/wp\/v2\/pages\/2200\/revisions\/2310"}],"wp:attachment":[{"href":"https:\/\/www.hankasalmenkotiseutuyhdistys.fi\/index.php?rest_route=%2Fwp%2Fv2%2Fmedia&parent=2200"}],"curies":[{"name":"wp","href":"https:\/\/api.w.org\/{rel}","templated":true}]}}