{"id":2043,"date":"2024-02-27T19:11:26","date_gmt":"2024-02-27T17:11:26","guid":{"rendered":"https:\/\/www.hankasalmenkotiseutuyhdistys.fi\/?page_id=2043"},"modified":"2025-11-10T11:10:53","modified_gmt":"2025-11-10T09:10:53","slug":"hankasalmen-puku","status":"publish","type":"page","link":"https:\/\/www.hankasalmenkotiseutuyhdistys.fi\/?page_id=2043","title":{"rendered":"Hankasalmen puku"},"content":{"rendered":"<div class=\"wp-block-image\">\n<figure class=\"alignleft size-full is-resized\"><img loading=\"lazy\" decoding=\"async\" width=\"1398\" height=\"786\" src=\"https:\/\/www.hankasalmenkotiseutuyhdistys.fi\/wp-content\/uploads\/kansallispuku3-edited.jpg\" alt=\"Hankasalmen kansallispuku\" class=\"wp-image-2053\" style=\"aspect-ratio:1.7777777777777777;object-fit:cover;width:911px;height:auto\" srcset=\"https:\/\/www.hankasalmenkotiseutuyhdistys.fi\/wp-content\/uploads\/kansallispuku3-edited.jpg 1398w, https:\/\/www.hankasalmenkotiseutuyhdistys.fi\/wp-content\/uploads\/kansallispuku3-edited-889x500.jpg 889w, https:\/\/www.hankasalmenkotiseutuyhdistys.fi\/wp-content\/uploads\/kansallispuku3-edited-711x400.jpg 711w, https:\/\/www.hankasalmenkotiseutuyhdistys.fi\/wp-content\/uploads\/kansallispuku3-edited-768x432.jpg 768w, https:\/\/www.hankasalmenkotiseutuyhdistys.fi\/wp-content\/uploads\/kansallispuku3-edited-1110x624.jpg 1110w, https:\/\/www.hankasalmenkotiseutuyhdistys.fi\/wp-content\/uploads\/kansallispuku3-edited-528x297.jpg 528w\" sizes=\"auto, (max-width: 1398px) 100vw, 1398px\" \/><\/figure>\n<\/div>\n\n\n<div style=\"height:7px\" aria-hidden=\"true\" class=\"wp-block-spacer\"><\/div>\n\n\n\n<p><strong>Hankasalmen kansallispuku<\/strong> kuuluu l\u00e4nsisuomalaisiin pukuihin, ja se edustaa 1800-luvun kansanomaista juhlapukeutumista. Puvussa on vaikutteita savolaisesta pukuperinteest\u00e4. Hankasalmen kansallispuku esiteltiin ensimm\u00e4isen kerran heimojuhlilla 1935 ja se on koottu Kansallismuseossa Hankasalmen Marttayhdistyksen aloitteesta. Puvun \u201d\u00e4itej\u00e4\u201d olivat kansatieteilij\u00e4 <em>Tyyni Vahter<\/em> kansallismuseosta ja hankasalmelaisjuurinen k\u00e4sity\u00f6nopettaja, tekstiilitaiteilija <em>Elna Ronkainen<\/em>. Pukua tarkasteltiin 1990\u201392 osana keskisuomalaisten kansallispukujen yhteisesityst\u00e4. Jo silloin puvun esikuva-aineistosta l\u00f6ytyi uutta tietoa ja sen pohjalta puku valmistettiin uudelleen. Puku tarkistettiin Hankasalmen Kalevalaisten Naisten toimesta 2006, jolloin se sai esiliinan, toisen liivin sek\u00e4 r\u00f6ijyn eli lyhyen takin sek\u00e4 silkkihuivin. Hankasalmella ei ole miesten kansallispukua, koska t\u00e4\u00e4lt\u00e4 ei ole l\u00f6ytynyt esikuva-aineistoa, jonka pohjalta puvun voisi tehd\u00e4.<\/p>\n\n\n\n<p><strong>Hankasalmen Kalevalaisten Naisten <\/strong>toiminnan lakattua 2022 Hankasalmen tarkistettu kansallispuku sek\u00e4 kolme muuta paikallista kansallispukua siirtyiv\u00e4t kotiseutuyhdistyksen kokoelmaan ja my\u00f6s pukuja k\u00e4ytt\u00f6kokoelmaan, joita voi lainata.&nbsp;<\/p>\n\n\n\n<p><strong>Lis\u00e4tietoa: <\/strong><em>Keskisuomalaiset kansallispuvut<\/em>, Keski-Suomen Nuorisoseurain Liiton julkaisu 1992<\/p>\n\n\n\n<p><em>Ritva H\u00e4nninen<\/em>, k\u00e4sity\u00f6alan ammattiopettaja<br>Suomen kansallispukukeskuksen kansallispukuraadin puheenjohtaja<br>ritva.s.hanninen(at)gmail.com<\/p>\n\n\n\n<p><strong>Kansallispuku lainaksi\/vuokraksi <\/strong>Hankasalmen naisen puku koko nro 40-42, 1935-esikuvan mukaisia naisen ja tytt\u00f6jen pukuja sek\u00e4 tytt\u00f6jen Hankasalmen kansallispukuja ja Kirkkonummen kansallispuku. Kysy Ritva H\u00e4nniselt\u00e4 ritva.s.hanninen@gmail.com, puh. 040405382146<\/p>\n\n\n\n<div style=\"height:22px\" aria-hidden=\"true\" class=\"wp-block-spacer\"><\/div>\n\n\n\n<div class=\"wp-block-columns is-layout-flex wp-container-core-columns-is-layout-9d6595d7 wp-block-columns-is-layout-flex\">\n<div class=\"wp-block-column is-layout-flow wp-block-column-is-layout-flow\">\n<figure class=\"wp-block-image size-full is-resized\"><img loading=\"lazy\" decoding=\"async\" width=\"620\" height=\"415\" src=\"https:\/\/www.hankasalmenkotiseutuyhdistys.fi\/wp-content\/uploads\/kansallispukuvene-12.jpg\" alt=\"Hankasalmen puku\" class=\"wp-image-2037\" style=\"width:387px;height:auto\" srcset=\"https:\/\/www.hankasalmenkotiseutuyhdistys.fi\/wp-content\/uploads\/kansallispukuvene-12.jpg 620w, https:\/\/www.hankasalmenkotiseutuyhdistys.fi\/wp-content\/uploads\/kansallispukuvene-12-598x400.jpg 598w\" sizes=\"auto, (max-width: 620px) 100vw, 620px\" \/><\/figure>\n<\/div>\n\n\n\n<div class=\"wp-block-column is-layout-flow wp-block-column-is-layout-flow\">\n<figure class=\"wp-block-image size-large\"><img loading=\"lazy\" decoding=\"async\" width=\"747\" height=\"500\" src=\"https:\/\/www.hankasalmenkotiseutuyhdistys.fi\/wp-content\/uploads\/tykkimyssy-747x500.jpg\" alt=\"\" class=\"wp-image-1894\" srcset=\"https:\/\/www.hankasalmenkotiseutuyhdistys.fi\/wp-content\/uploads\/tykkimyssy-747x500.jpg 747w, https:\/\/www.hankasalmenkotiseutuyhdistys.fi\/wp-content\/uploads\/tykkimyssy-597x400.jpg 597w, https:\/\/www.hankasalmenkotiseutuyhdistys.fi\/wp-content\/uploads\/tykkimyssy-768x514.jpg 768w, https:\/\/www.hankasalmenkotiseutuyhdistys.fi\/wp-content\/uploads\/tykkimyssy-1536x1028.jpg 1536w, https:\/\/www.hankasalmenkotiseutuyhdistys.fi\/wp-content\/uploads\/tykkimyssy.jpg 1549w\" sizes=\"auto, (max-width: 747px) 100vw, 747px\" \/><figcaption class=\"wp-element-caption\">Kuva: Jussi J\u00e4ppinen<\/figcaption><\/figure>\n<\/div>\n<\/div>\n","protected":false},"excerpt":{"rendered":"<p>Hankasalmen kansallispuku kuuluu l\u00e4nsisuomalaisiin pukuihin, ja se edustaa 1800-luvun kansanomaista juhlapukeutumista. Puvussa on vaikutteita savolaisesta pukuperinteest\u00e4. Hankasalmen kansallispuku esiteltiin ensimm\u00e4isen kerran heimojuhlilla 1935 ja se on koottu Kansallismuseossa Hankasalmen Marttayhdistyksen aloitteesta. Puvun \u201d\u00e4itej\u00e4\u201d olivat kansatieteilij\u00e4 Tyyni Vahter kansallismuseosta ja hankasalmelaisjuurinen k\u00e4sity\u00f6nopettaja, tekstiilitaiteilija Elna Ronkainen. Pukua tarkasteltiin 1990\u201392 osana keskisuomalaisten kansallispukujen yhteisesityst\u00e4. Jo silloin puvun esikuva-aineistosta [&hellip;]<\/p>\n","protected":false},"author":1,"featured_media":0,"parent":0,"menu_order":0,"comment_status":"closed","ping_status":"closed","template":"","meta":{"footnotes":""},"class_list":["post-2043","page","type-page","status-publish","czr-hentry"],"aioseo_notices":[],"_links":{"self":[{"href":"https:\/\/www.hankasalmenkotiseutuyhdistys.fi\/index.php?rest_route=\/wp\/v2\/pages\/2043","targetHints":{"allow":["GET"]}}],"collection":[{"href":"https:\/\/www.hankasalmenkotiseutuyhdistys.fi\/index.php?rest_route=\/wp\/v2\/pages"}],"about":[{"href":"https:\/\/www.hankasalmenkotiseutuyhdistys.fi\/index.php?rest_route=\/wp\/v2\/types\/page"}],"author":[{"embeddable":true,"href":"https:\/\/www.hankasalmenkotiseutuyhdistys.fi\/index.php?rest_route=\/wp\/v2\/users\/1"}],"replies":[{"embeddable":true,"href":"https:\/\/www.hankasalmenkotiseutuyhdistys.fi\/index.php?rest_route=%2Fwp%2Fv2%2Fcomments&post=2043"}],"version-history":[{"count":15,"href":"https:\/\/www.hankasalmenkotiseutuyhdistys.fi\/index.php?rest_route=\/wp\/v2\/pages\/2043\/revisions"}],"predecessor-version":[{"id":3081,"href":"https:\/\/www.hankasalmenkotiseutuyhdistys.fi\/index.php?rest_route=\/wp\/v2\/pages\/2043\/revisions\/3081"}],"wp:attachment":[{"href":"https:\/\/www.hankasalmenkotiseutuyhdistys.fi\/index.php?rest_route=%2Fwp%2Fv2%2Fmedia&parent=2043"}],"curies":[{"name":"wp","href":"https:\/\/api.w.org\/{rel}","templated":true}]}}