{"id":2010,"date":"2024-02-27T18:10:40","date_gmt":"2024-02-27T16:10:40","guid":{"rendered":"https:\/\/www.hankasalmenkotiseutuyhdistys.fi\/?page_id=2010"},"modified":"2024-04-30T13:41:32","modified_gmt":"2024-04-30T10:41:32","slug":"lapsille","status":"publish","type":"page","link":"https:\/\/www.hankasalmenkotiseutuyhdistys.fi\/?page_id=2010","title":{"rendered":"Tekemist\u00e4 lapsille"},"content":{"rendered":"\n<figure class=\"wp-block-image alignwide size-large\"><img loading=\"lazy\" decoding=\"async\" width=\"750\" height=\"500\" src=\"https:\/\/www.hankasalmenkotiseutuyhdistys.fi\/wp-content\/uploads\/lapset-ja-Miku-750x500.jpg\" alt=\"\" class=\"wp-image-2405\" srcset=\"https:\/\/www.hankasalmenkotiseutuyhdistys.fi\/wp-content\/uploads\/lapset-ja-Miku-750x500.jpg 750w, https:\/\/www.hankasalmenkotiseutuyhdistys.fi\/wp-content\/uploads\/lapset-ja-Miku-600x400.jpg 600w, https:\/\/www.hankasalmenkotiseutuyhdistys.fi\/wp-content\/uploads\/lapset-ja-Miku-768x512.jpg 768w, https:\/\/www.hankasalmenkotiseutuyhdistys.fi\/wp-content\/uploads\/lapset-ja-Miku-1536x1024.jpg 1536w, https:\/\/www.hankasalmenkotiseutuyhdistys.fi\/wp-content\/uploads\/lapset-ja-Miku-2048x1365.jpg 2048w\" sizes=\"auto, (max-width: 750px) 100vw, 750px\" \/><\/figure>\n\n\n\n<div class=\"wp-block-columns are-vertically-aligned-top is-layout-flex wp-container-core-columns-is-layout-9d6595d7 wp-block-columns-is-layout-flex\">\n<div class=\"wp-block-column is-layout-flow wp-block-column-is-layout-flow\" style=\"flex-basis:30%\">\n<figure class=\"wp-block-image\"><img loading=\"lazy\" decoding=\"async\" width=\"372\" height=\"500\" src=\"https:\/\/www.hankasalmenkotiseutuyhdistys.fi\/wp-content\/uploads\/P8110218-372x500.jpg\" alt=\"\" class=\"wp-image-2110\" srcset=\"https:\/\/www.hankasalmenkotiseutuyhdistys.fi\/wp-content\/uploads\/P8110218-372x500.jpg 372w, https:\/\/www.hankasalmenkotiseutuyhdistys.fi\/wp-content\/uploads\/P8110218-298x400.jpg 298w, https:\/\/www.hankasalmenkotiseutuyhdistys.fi\/wp-content\/uploads\/P8110218-768x1032.jpg 768w, https:\/\/www.hankasalmenkotiseutuyhdistys.fi\/wp-content\/uploads\/P8110218-1143x1536.jpg 1143w, https:\/\/www.hankasalmenkotiseutuyhdistys.fi\/wp-content\/uploads\/P8110218-1525x2048.jpg 1525w, https:\/\/www.hankasalmenkotiseutuyhdistys.fi\/wp-content\/uploads\/P8110218-scaled.jpg 1906w\" sizes=\"auto, (max-width: 372px) 100vw, 372px\" \/><\/figure>\n\n\n\n<figure class=\"wp-block-image size-large\"><img loading=\"lazy\" decoding=\"async\" width=\"375\" height=\"500\" src=\"https:\/\/www.hankasalmenkotiseutuyhdistys.fi\/wp-content\/uploads\/Keppihevonen-375x500.jpg\" alt=\"\" class=\"wp-image-1114\" srcset=\"https:\/\/www.hankasalmenkotiseutuyhdistys.fi\/wp-content\/uploads\/Keppihevonen-375x500.jpg 375w, https:\/\/www.hankasalmenkotiseutuyhdistys.fi\/wp-content\/uploads\/Keppihevonen-300x400.jpg 300w, https:\/\/www.hankasalmenkotiseutuyhdistys.fi\/wp-content\/uploads\/Keppihevonen.jpg 600w\" sizes=\"auto, (max-width: 375px) 100vw, 375px\" \/><\/figure>\n<\/div>\n\n\n\n<div class=\"wp-block-column is-layout-flow wp-block-column-is-layout-flow\" style=\"flex-basis:70%\">\n<p class=\"has-text-align-left\">Museokyl\u00e4ss\u00e4 on monenlaista tekemist\u00e4 my\u00f6s lapsille. Tallin puuhevosilla saa ratsastaa, samoin museokyl\u00e4n keppihevosilla. T\u00e4lt\u00e4 sivulta voit tulostaa itsellesi kuvasuunnistuslomakkeen tai Hankasalmen puvun v\u00e4rityskuvan. Hankasalmen museokyl\u00e4n maskotti on <strong>Miku-kissa<\/strong>, jolla on monta lempipaikkaa museokyl\u00e4ss\u00e4.<\/p>\n\n\n\n<h5 class=\"wp-block-heading\"><strong>Oletko n\u00e4hnyt tonttuja?<\/strong><\/h5>\n\n\n\n<p>Pihapiiriss\u00e4 eleli ennen vanhaan monia<em> haltioita<\/em>, joita kutsuttiin <strong>tontuiksi<\/strong>. Kansan uskomusten mukaan haltijat olivat yliluonnollisia olentoja, jotka suojelevat ihmisi\u00e4, el\u00e4imi\u00e4 sek\u00e4 niit\u00e4 rakennuksia, joissa he asuivat. Tontut olivat pieni\u00e4 piippalakkisia olentoja. Niit\u00e4 piti kohdella hyvin. Tontuille annettiin lahjoja ja ruokaa. Useimmiten tontut pysyiv\u00e4t piilossa, mutta kyll\u00e4 niit\u00e4 saattoi n\u00e4hd\u00e4kin vartiointipaikoillaan.<\/p>\n\n\n\n<p>Tallissa asui <strong>tallitonttu<\/strong>, joka piti huolta hevosista. Tontut saattoivat suuttua ja aiheuttaa huonoa onnea, jos el\u00e4imist\u00e4 ei pidetty hyv\u00e4\u00e4 huolta. Riihess\u00e4 <strong>riihitonttu<\/strong> auttoi esimerkiksi valvomalla tulta, ettei riihen kiukaasta lenn\u00e4 kipin\u00f6it\u00e4 siell\u00e4 kuivumassa oleviin olkiin. <strong>Saunatonttu <\/strong>vartioi saunaa. Siell\u00e4k\u00e4\u00e4n kiuasta ei saanut l\u00e4mmitt\u00e4\u00e4 liian kuumaksi ja saunassa piti olla saunarauha. <strong>Tupatontut <\/strong>vartioivat taloa, ett\u00e4 sit\u00e4 pidet\u00e4\u00e4n siistin\u00e4 ja l\u00e4mpim\u00e4n\u00e4, ja ett\u00e4 kaikilla on hyv\u00e4 olla eik\u00e4 tule vaaroja. Karjasta huolehti <strong>navettatonttu<\/strong>, jolle annettiin lypsyn j\u00e4lkeen tilkkanen maitoa. Se j\u00e4tettiin pieneen kuppiin tontulle mieleiseen paikkaan. Luuletko, ett\u00e4 Miku-kissa k\u00e4vi lipitt\u00e4m\u00e4ss\u00e4 navettatontun maidon?<\/p>\n\n\n\n<p>Oletko sin\u00e4 n\u00e4hnyt kodinhaltijatonttuja museokyl\u00e4n rakennuksissa?<\/p>\n<\/div>\n<\/div>\n\n\n\n<hr class=\"wp-block-separator has-alpha-channel-opacity\"\/>\n\n\n\n<div class=\"wp-block-media-text is-stacked-on-mobile is-vertically-aligned-top\" style=\"grid-template-columns:35% auto\"><figure class=\"wp-block-media-text__media\"><a href=\"https:\/\/www.hankasalmenkotiseutuyhdistys.fi\/wp-content\/uploads\/Kuvasuunnistus.pdf\" target=\"_blank\" rel=\"noreferrer noopener\"><img loading=\"lazy\" decoding=\"async\" width=\"354\" height=\"500\" src=\"https:\/\/www.hankasalmenkotiseutuyhdistys.fi\/wp-content\/uploads\/Kuvasuunnistus-museokyla-354x500.png\" alt=\"\" class=\"wp-image-2027 size-full\" srcset=\"https:\/\/www.hankasalmenkotiseutuyhdistys.fi\/wp-content\/uploads\/Kuvasuunnistus-museokyla-354x500.png 354w, https:\/\/www.hankasalmenkotiseutuyhdistys.fi\/wp-content\/uploads\/Kuvasuunnistus-museokyla-283x400.png 283w, https:\/\/www.hankasalmenkotiseutuyhdistys.fi\/wp-content\/uploads\/Kuvasuunnistus-museokyla-768x1085.png 768w, https:\/\/www.hankasalmenkotiseutuyhdistys.fi\/wp-content\/uploads\/Kuvasuunnistus-museokyla-1087x1536.png 1087w, https:\/\/www.hankasalmenkotiseutuyhdistys.fi\/wp-content\/uploads\/Kuvasuunnistus-museokyla.png 1430w\" sizes=\"auto, (max-width: 354px) 100vw, 354px\" \/><\/a><\/figure><div class=\"wp-block-media-text__content\">\n<h5 class=\"wp-block-heading\">Kuvasuunnistus museokyl\u00e4ss\u00e4<\/h5>\n\n\n\n<p>Merkitse kaavakkeeseen numerot, jotka l\u00f6yd\u00e4t kuvien osoittamista paikoista.<\/p>\n\n\n\n<p><strong><a href=\"https:\/\/www.hankasalmenkotiseutuyhdistys.fi\/wp-content\/uploads\/Kuvasuunnistus.pdf\" target=\"_blank\" rel=\"noopener\" title=\"\">Lataa  kaavake t\u00e4st\u00e4<\/a><\/strong><\/p>\n<\/div><\/div>\n\n\n\n<div style=\"height:35px\" aria-hidden=\"true\" class=\"wp-block-spacer\"><\/div>\n\n\n\n<div class=\"wp-block-media-text is-stacked-on-mobile is-vertically-aligned-top\" style=\"grid-template-columns:35% auto\"><figure class=\"wp-block-media-text__media\"><a href=\"https:\/\/www.hankasalmenkotiseutuyhdistys.fi\/wp-content\/uploads\/Hankasalmen-puku.pdf\" target=\"_blank\" rel=\"noreferrer noopener\"><img loading=\"lazy\" decoding=\"async\" width=\"244\" height=\"500\" src=\"https:\/\/www.hankasalmenkotiseutuyhdistys.fi\/wp-content\/uploads\/Hankasalmen-puku-copy-244x500.jpg\" alt=\"\" class=\"wp-image-2346 size-full\" srcset=\"https:\/\/www.hankasalmenkotiseutuyhdistys.fi\/wp-content\/uploads\/Hankasalmen-puku-copy-244x500.jpg 244w, https:\/\/www.hankasalmenkotiseutuyhdistys.fi\/wp-content\/uploads\/Hankasalmen-puku-copy-195x400.jpg 195w, https:\/\/www.hankasalmenkotiseutuyhdistys.fi\/wp-content\/uploads\/Hankasalmen-puku-copy-768x1573.jpg 768w, https:\/\/www.hankasalmenkotiseutuyhdistys.fi\/wp-content\/uploads\/Hankasalmen-puku-copy-750x1536.jpg 750w, https:\/\/www.hankasalmenkotiseutuyhdistys.fi\/wp-content\/uploads\/Hankasalmen-puku-copy-1000x2048.jpg 1000w, https:\/\/www.hankasalmenkotiseutuyhdistys.fi\/wp-content\/uploads\/Hankasalmen-puku-copy.jpg 1203w\" sizes=\"auto, (max-width: 244px) 100vw, 244px\" \/><\/a><\/figure><div class=\"wp-block-media-text__content\">\n<h5 class=\"wp-block-heading\">Hankasalmen puku -v\u00e4rityskuva<\/h5>\n\n\n\n<p><a href=\"https:\/\/www.hankasalmenkotiseutuyhdistys.fi\/wp-content\/uploads\/Hankasalmen-puku.pdf\" target=\"_blank\" rel=\"noopener\" title=\"\"><strong>Lataa v\u00e4rityskuva t\u00e4st\u00e4<\/strong><\/a><\/p>\n<\/div><\/div>\n\n\n\n<div class=\"wp-block-media-text is-stacked-on-mobile is-vertically-aligned-top\" style=\"grid-template-columns:35% auto\"><figure class=\"wp-block-media-text__media\"><a href=\"https:\/\/www.hankasalmenkotiseutuyhdistys.fi\/wp-content\/uploads\/va%CC%88ritysretki-museokyla%CC%88a%CC%88n.pdf\" target=\"_blank\" rel=\"noreferrer noopener\"><img loading=\"lazy\" decoding=\"async\" width=\"392\" height=\"500\" src=\"https:\/\/www.hankasalmenkotiseutuyhdistys.fi\/wp-content\/uploads\/Na\u0308ytto\u0308kuva-2024-4-29-kello-12.53.47-392x500.png\" alt=\"\" class=\"wp-image-2606 size-full\" srcset=\"https:\/\/www.hankasalmenkotiseutuyhdistys.fi\/wp-content\/uploads\/Na\u0308ytto\u0308kuva-2024-4-29-kello-12.53.47-392x500.png 392w, https:\/\/www.hankasalmenkotiseutuyhdistys.fi\/wp-content\/uploads\/Na\u0308ytto\u0308kuva-2024-4-29-kello-12.53.47-314x400.png 314w, https:\/\/www.hankasalmenkotiseutuyhdistys.fi\/wp-content\/uploads\/Na\u0308ytto\u0308kuva-2024-4-29-kello-12.53.47-768x980.png 768w, https:\/\/www.hankasalmenkotiseutuyhdistys.fi\/wp-content\/uploads\/Na\u0308ytto\u0308kuva-2024-4-29-kello-12.53.47.png 870w\" sizes=\"auto, (max-width: 392px) 100vw, 392px\" \/><\/a><\/figure><div class=\"wp-block-media-text__content\">\n<h5 class=\"wp-block-heading\">V\u00e4ritysretki Hankasalmen museokyl\u00e4\u00e4n<\/h5>\n\n\n\n<p><a href=\"https:\/\/www.hankasalmenkotiseutuyhdistys.fi\/wp-content\/uploads\/va%CC%88ritysretki-museokyla%CC%88a%CC%88n.pdf\" target=\"_blank\" rel=\"noopener\" title=\"\"><strong>Lataa v\u00e4ritysretki t\u00e4st\u00e4<\/strong><\/a><\/p>\n<\/div><\/div>\n\n\n\n<p><\/p>\n","protected":false},"excerpt":{"rendered":"<p>Museokyl\u00e4ss\u00e4 on monenlaista tekemist\u00e4 my\u00f6s lapsille. Tallin puuhevosilla saa ratsastaa, samoin museokyl\u00e4n keppihevosilla. T\u00e4lt\u00e4 sivulta voit tulostaa itsellesi kuvasuunnistuslomakkeen tai Hankasalmen puvun v\u00e4rityskuvan. Hankasalmen museokyl\u00e4n maskotti on Miku-kissa, jolla on monta lempipaikkaa museokyl\u00e4ss\u00e4. Oletko n\u00e4hnyt tonttuja? Pihapiiriss\u00e4 eleli ennen vanhaan monia haltioita, joita kutsuttiin tontuiksi. Kansan uskomusten mukaan haltijat olivat yliluonnollisia olentoja, jotka suojelevat ihmisi\u00e4, [&hellip;]<\/p>\n","protected":false},"author":1,"featured_media":0,"parent":0,"menu_order":0,"comment_status":"closed","ping_status":"closed","template":"","meta":{"footnotes":""},"class_list":["post-2010","page","type-page","status-publish","czr-hentry"],"aioseo_notices":[],"_links":{"self":[{"href":"https:\/\/www.hankasalmenkotiseutuyhdistys.fi\/index.php?rest_route=\/wp\/v2\/pages\/2010","targetHints":{"allow":["GET"]}}],"collection":[{"href":"https:\/\/www.hankasalmenkotiseutuyhdistys.fi\/index.php?rest_route=\/wp\/v2\/pages"}],"about":[{"href":"https:\/\/www.hankasalmenkotiseutuyhdistys.fi\/index.php?rest_route=\/wp\/v2\/types\/page"}],"author":[{"embeddable":true,"href":"https:\/\/www.hankasalmenkotiseutuyhdistys.fi\/index.php?rest_route=\/wp\/v2\/users\/1"}],"replies":[{"embeddable":true,"href":"https:\/\/www.hankasalmenkotiseutuyhdistys.fi\/index.php?rest_route=%2Fwp%2Fv2%2Fcomments&post=2010"}],"version-history":[{"count":36,"href":"https:\/\/www.hankasalmenkotiseutuyhdistys.fi\/index.php?rest_route=\/wp\/v2\/pages\/2010\/revisions"}],"predecessor-version":[{"id":2628,"href":"https:\/\/www.hankasalmenkotiseutuyhdistys.fi\/index.php?rest_route=\/wp\/v2\/pages\/2010\/revisions\/2628"}],"wp:attachment":[{"href":"https:\/\/www.hankasalmenkotiseutuyhdistys.fi\/index.php?rest_route=%2Fwp%2Fv2%2Fmedia&parent=2010"}],"curies":[{"name":"wp","href":"https:\/\/api.w.org\/{rel}","templated":true}]}}