{"id":20,"date":"2012-07-03T07:26:39","date_gmt":"2012-07-03T07:26:39","guid":{"rendered":"http:\/\/www.hankasalmenkotiseutuyhdistys.fi\/?page_id=20"},"modified":"2026-02-06T11:33:36","modified_gmt":"2026-02-06T09:33:36","slug":"hallan-tuvan-vuokraus","status":"publish","type":"page","link":"https:\/\/www.hankasalmenkotiseutuyhdistys.fi\/?page_id=20","title":{"rendered":"Hallan tuvan vuokraus"},"content":{"rendered":"\n<div class=\"alignnormal\"><div id=\"metaslider-id-1980\" style=\"max-width: 800px;\" class=\"ml-slider-3-108-0 metaslider metaslider-flex metaslider-1980 ml-slider ms-theme-default nav-hidden\" role=\"region\" aria-label=\"Hallan tuvan vuokraus\" data-height=\"500\" data-width=\"800\">\n    <div id=\"metaslider_container_1980\">\n        <div id=\"metaslider_1980\" class=\"flexslider\">\n            <ul class='slides'>\n                <li style=\"display: block; width: 100%;\" class=\"slide-2224 ms-image \" aria-roledescription=\"slide\" data-date=\"2024-04-22 12:52:53\" data-filename=\"P8110135-scaled-800x500.jpg\" data-slide-type=\"image\"><img loading=\"lazy\" decoding=\"async\" src=\"https:\/\/www.hankasalmenkotiseutuyhdistys.fi\/wp-content\/uploads\/P8110135-scaled-800x500.jpg\" height=\"500\" width=\"800\" alt=\"\" class=\"slider-1980 slide-2224 msDefaultImage\" title=\"Hallan tupa sis\u00e4tilat\" \/><\/li>\n                <li style=\"display: none; width: 100%;\" class=\"slide-1981 ms-image \" aria-roledescription=\"slide\" data-date=\"2024-02-27 17:20:38\" data-filename=\"MG_46871-710x444.jpg\" data-slide-type=\"image\"><img loading=\"lazy\" decoding=\"async\" src=\"https:\/\/www.hankasalmenkotiseutuyhdistys.fi\/wp-content\/uploads\/MG_46871-710x444.jpg\" height=\"500\" width=\"800\" alt=\"\" class=\"slider-1980 slide-1981 msDefaultImage\" \/><\/li>\n                <li style=\"display: none; width: 100%;\" class=\"slide-1986 ms-image \" aria-roledescription=\"slide\" data-date=\"2024-02-27 17:20:38\" data-filename=\"MG_47141-800x500.jpg\" data-slide-type=\"image\"><img loading=\"lazy\" decoding=\"async\" src=\"https:\/\/www.hankasalmenkotiseutuyhdistys.fi\/wp-content\/uploads\/MG_47141-800x500.jpg\" height=\"500\" width=\"800\" alt=\"\" class=\"slider-1980 slide-1986 msDefaultImage\" title=\"H\u00e4\u00e4t Hallan tuvassa 2\" \/><\/li>\n                <li style=\"display: none; width: 100%;\" class=\"slide-1985 ms-image \" aria-roledescription=\"slide\" data-date=\"2024-02-27 17:20:38\" data-filename=\"Hallan-tupa-morsiuskatto-720x450.jpg\" data-slide-type=\"image\"><img loading=\"lazy\" decoding=\"async\" src=\"https:\/\/www.hankasalmenkotiseutuyhdistys.fi\/wp-content\/uploads\/Hallan-tupa-morsiuskatto-720x450.jpg\" height=\"500\" width=\"800\" alt=\"\" class=\"slider-1980 slide-1985 msDefaultImage\" title=\"Hallan tupa morsiuskatto\" \/><\/li>\n                <li style=\"display: none; width: 100%;\" class=\"slide-1988 ms-image \" aria-roledescription=\"slide\" data-date=\"2024-02-27 17:23:47\" data-filename=\"Hallan_tupa_juhlat-800x500.jpg\" data-slide-type=\"image\"><img loading=\"lazy\" decoding=\"async\" src=\"https:\/\/www.hankasalmenkotiseutuyhdistys.fi\/wp-content\/uploads\/Hallan_tupa_juhlat-800x500.jpg\" height=\"500\" width=\"800\" alt=\"\" class=\"slider-1980 slide-1988 msDefaultImage\" title=\"Hallan_tupa_juhlat\" \/><\/li>\n                <li style=\"display: none; width: 100%;\" class=\"slide-2226 ms-image \" aria-roledescription=\"slide\" data-date=\"2024-04-22 12:54:45\" data-filename=\"810_3322-2-scaled-800x500.jpg\" data-slide-type=\"image\"><img loading=\"lazy\" decoding=\"async\" src=\"https:\/\/www.hankasalmenkotiseutuyhdistys.fi\/wp-content\/uploads\/810_3322-2-scaled-800x500.jpg\" height=\"500\" width=\"800\" alt=\"\" class=\"slider-1980 slide-2226 msDefaultImage\" title=\"Hallan tupa\" \/><\/li>\n                <li style=\"display: none; width: 100%;\" class=\"slide-2222 ms-image \" aria-roledescription=\"slide\" data-date=\"2024-04-22 12:51:44\" data-filename=\"P8110155-scaled-800x500.jpg\" data-slide-type=\"image\"><img loading=\"lazy\" decoding=\"async\" src=\"https:\/\/www.hankasalmenkotiseutuyhdistys.fi\/wp-content\/uploads\/P8110155-scaled-800x500.jpg\" height=\"500\" width=\"800\" alt=\"\" class=\"slider-1980 slide-2222 msDefaultImage\" title=\"Hallan tuvan keitti\u00f6\" \/><\/li>\n            <\/ul>\n        <\/div>\n        \n    <\/div>\n<\/div><\/div>\n\n\n\n<p>Hankasalmen museokyl\u00e4ss\u00e4 sijaitseva kotiseututalo <strong>Hallan tupa<\/strong> on vuokrattavissa yksityistilaisuuksiin. <br>Vuokraajan k\u00e4yt\u00f6ss\u00e4 on kaksi isoa tupaa sek\u00e4 vuonna 2019 remontoitu keitti\u00f6 (yhteens\u00e4 270 m<sup>2<\/sup>). Talo on rekister\u00f6ity maksimissaan 220 hengelle. Ulkotapahtumia varten pihalle on mahdollista laittaa penkit noin 250 vieraan katsomolle. Kiinteist\u00f6ss\u00e4 on voimavirta \u00e4\u00e4nentoistolaitteille. Hallan tupa on my\u00f6s esteet\u00f6n.<\/p>\n\n\n\n<h5 class=\"wp-block-heading\"><strong>Hinnat:<\/strong><\/h5>\n\n\n\n<p><strong>Yhden tuvan<\/strong> vuokra, pieni tilaisuus (alle 4 h) <strong>100 \u20ac<\/strong> <br><strong>Yhden tuvan<\/strong> vuokra, juhlak\u00e4ytt\u00f6 (vuorokausi) <strong>220 \u20ac<\/strong> <br><strong>Koko talon <\/strong>vuokra vuorokaudeksi <strong>500 \u20ac<\/strong><br><strong>Koko viikonlopun<\/strong> vuokra koko talosta pihapiireineen perjantain iltap\u00e4iv\u00e4st\u00e4 sunnintai-iltaan <strong>950 \u20ac<\/strong>. <br><strong>Ennakkovarausmaksu<\/strong> <strong>200 \u20ac<\/strong> koko viikonlopun tapahtumista.<\/p>\n\n\n\n<p>Valkoisten p\u00f6yt\u00e4liinojen vuokra pesuineen <strong>10 \u20ac<\/strong><\/p>\n\n\n\n<p><\/p>\n\n\n\n<p><strong><a href=\"https:\/\/www.hankasalmenkotiseutuyhdistys.fi\/wp-content\/uploads\/hallantupa_pohjapiirros.png\" target=\"_blank\" rel=\"noopener\" title=\"\">Katso t\u00e4st\u00e4 Hallan tuvan pohjapiirros<\/a><\/strong><\/p>\n\n\n\n<p>Lis\u00e4\u00e4 kuvia Hallan tuvasta <a href=\"https:\/\/www.hankasalmenkotiseutuyhdistys.fi\/?page_id=380\" title=\"\"><strong>kuvagalleriassa<\/strong><\/a>.<\/p>\n\n\n\n<div style=\"height:21px\" aria-hidden=\"true\" class=\"wp-block-spacer\"><\/div>\n\n\n\n<h5 class=\"wp-block-heading has-medium-font-size\"><strong>Tiedustelut ja varaukset: <\/strong><\/h5>\n\n\n\n<p><strong>S\u00e4hk\u00f6posti:<\/strong> posti(\u00e4t)hankasalmenkotiseutuyhdistys.fi <br><strong>Puh.<\/strong> 045 232 5978<\/p>\n\n\n\n<div style=\"height:30px\" aria-hidden=\"true\" class=\"wp-block-spacer\"><\/div>\n\n\n\n<hr class=\"wp-block-separator has-alpha-channel-opacity\"\/>\n\n\n\n<h3 class=\"wp-block-heading\"><strong>Hankasalmelaisten pitopalveluyritt\u00e4jien yhteystietoja<\/strong><\/h3>\n\n\n\n<p><strong>Pitopalvelu Elinan ev\u00e4\u00e4t<\/strong><br>Elina Manninen<br>050 594 9410<br>elinanevaat(\u00e4t)gmail.com<\/p>\n\n\n\n<p><strong>Pitopalvelu E\/K Rajala, <\/strong> ruoka ja leivonnaiset<br>Esko ja Kaarina Rajala<br>040 754 2410<\/p>\n\n\n\n<p><strong>Pitopalvelu Terttu Matilainen <\/strong><br>0400 919 684<\/p>\n\n\n\n<p><\/p>\n","protected":false},"excerpt":{"rendered":"<p>Hankasalmen museokyl\u00e4ss\u00e4 sijaitseva kotiseututalo Hallan tupa on vuokrattavissa yksityistilaisuuksiin. Vuokraajan k\u00e4yt\u00f6ss\u00e4 on kaksi isoa tupaa sek\u00e4 vuonna 2019 remontoitu keitti\u00f6 (yhteens\u00e4 270 m2). Talo on rekister\u00f6ity maksimissaan 220 hengelle. Ulkotapahtumia varten pihalle on mahdollista laittaa penkit noin 250 vieraan katsomolle. Kiinteist\u00f6ss\u00e4 on voimavirta \u00e4\u00e4nentoistolaitteille. Hallan tupa on my\u00f6s esteet\u00f6n. Hinnat: Yhden tuvan vuokra, pieni tilaisuus [&hellip;]<\/p>\n","protected":false},"author":1,"featured_media":0,"parent":0,"menu_order":7,"comment_status":"closed","ping_status":"closed","template":"","meta":{"footnotes":""},"class_list":["post-20","page","type-page","status-publish","czr-hentry"],"aioseo_notices":[],"_links":{"self":[{"href":"https:\/\/www.hankasalmenkotiseutuyhdistys.fi\/index.php?rest_route=\/wp\/v2\/pages\/20","targetHints":{"allow":["GET"]}}],"collection":[{"href":"https:\/\/www.hankasalmenkotiseutuyhdistys.fi\/index.php?rest_route=\/wp\/v2\/pages"}],"about":[{"href":"https:\/\/www.hankasalmenkotiseutuyhdistys.fi\/index.php?rest_route=\/wp\/v2\/types\/page"}],"author":[{"embeddable":true,"href":"https:\/\/www.hankasalmenkotiseutuyhdistys.fi\/index.php?rest_route=\/wp\/v2\/users\/1"}],"replies":[{"embeddable":true,"href":"https:\/\/www.hankasalmenkotiseutuyhdistys.fi\/index.php?rest_route=%2Fwp%2Fv2%2Fcomments&post=20"}],"version-history":[{"count":100,"href":"https:\/\/www.hankasalmenkotiseutuyhdistys.fi\/index.php?rest_route=\/wp\/v2\/pages\/20\/revisions"}],"predecessor-version":[{"id":3136,"href":"https:\/\/www.hankasalmenkotiseutuyhdistys.fi\/index.php?rest_route=\/wp\/v2\/pages\/20\/revisions\/3136"}],"wp:attachment":[{"href":"https:\/\/www.hankasalmenkotiseutuyhdistys.fi\/index.php?rest_route=%2Fwp%2Fv2%2Fmedia&parent=20"}],"curies":[{"name":"wp","href":"https:\/\/api.w.org\/{rel}","templated":true}]}}