{"id":18,"date":"2012-07-03T07:25:55","date_gmt":"2012-07-03T07:25:55","guid":{"rendered":"http:\/\/www.hankasalmenkotiseutuyhdistys.fi\/?page_id=18"},"modified":"2024-04-30T13:51:20","modified_gmt":"2024-04-30T10:51:20","slug":"ruumissaari","status":"publish","type":"page","link":"https:\/\/www.hankasalmenkotiseutuyhdistys.fi\/?page_id=18","title":{"rendered":"Ruumissaari"},"content":{"rendered":"<div class=\"wp-block-image\">\n<figure class=\"alignleft\"><img loading=\"lazy\" decoding=\"async\" width=\"1600\" height=\"1200\" src=\"https:\/\/www.hankasalmenkotiseutuyhdistys.fi\/wp-content\/uploads\/niemisaari.jpg\" alt=\"\" class=\"wp-image-35\" srcset=\"https:\/\/www.hankasalmenkotiseutuyhdistys.fi\/wp-content\/uploads\/niemisaari.jpg 1600w, https:\/\/www.hankasalmenkotiseutuyhdistys.fi\/wp-content\/uploads\/niemisaari-300x225.jpg 300w, https:\/\/www.hankasalmenkotiseutuyhdistys.fi\/wp-content\/uploads\/niemisaari-1024x768.jpg 1024w, https:\/\/www.hankasalmenkotiseutuyhdistys.fi\/wp-content\/uploads\/niemisaari-400x300.jpg 400w\" sizes=\"auto, (max-width: 1600px) 100vw, 1600px\" \/><\/figure>\n<\/div>\n\n\n<p>Kuuhankavedess\u00e4 on kaksi ruumissaarta, joista etel\u00e4inen ruumissaari on Hankasalmen kotiseutuyhdistyksen yll\u00e4pit\u00e4m\u00e4 kansallispuisto. Saaren kumpumainen osa on muinaismuistolailla suojattu historiallisen ja on kristillisen ajan hautausmaa. Saari oli muinoin Savon maakuntaa ja kuului Kangasniemen pit\u00e4j\u00e4\u00e4n ennen kuin Hankasalmen seurakunta ja kunta oli muodostettu.<\/p>\n\n\n<div class=\"wp-block-image\">\n<figure class=\"alignleft\"><img loading=\"lazy\" decoding=\"async\" width=\"2592\" height=\"1944\" src=\"https:\/\/www.hankasalmenkotiseutuyhdistys.fi\/wp-content\/uploads\/tiehautakummuilleruumissaaressa.jpg\" alt=\"\" class=\"wp-image-48\" srcset=\"https:\/\/www.hankasalmenkotiseutuyhdistys.fi\/wp-content\/uploads\/tiehautakummuilleruumissaaressa.jpg 2592w, https:\/\/www.hankasalmenkotiseutuyhdistys.fi\/wp-content\/uploads\/tiehautakummuilleruumissaaressa-300x225.jpg 300w, https:\/\/www.hankasalmenkotiseutuyhdistys.fi\/wp-content\/uploads\/tiehautakummuilleruumissaaressa-1024x768.jpg 1024w\" sizes=\"auto, (max-width: 2592px) 100vw, 2592px\" \/><\/figure>\n<\/div>\n\n\n<p>Saaren k\u00e4ytt\u00e4minen hautausmaana perustuu asiakirjojen mukaan 1600- ja 1700 lukujen vaihteeseen loppuen 1720-luvulla. Tavan alkaminen ei ole tiedossa. Saariin hautaaminen oli yleist\u00e4 harvaanasutuilla seuduilla It\u00e4-, Keski- ja Pohjois-Suomessa, miss\u00e4 matkat kirkkoon ja kirkkomaalle olivat pitk\u00e4t. Luterilainen kirkko vaati vainajien hautaamista siunattuun kirkkomaahan.<\/p>\n\n\n\n<p>Hankasalmi sijaitsi nelj\u00e4n seurakunnan rajamailla ja matkat kirkkomaille Kangasniemelle, Pieks\u00e4m\u00e4elle, Laukaaseen tai Rautalammille olivat 40 &#8211; 60 km pitk\u00e4t. T\u00e4st\u00e4 syyst\u00e4 vainajat haudattiin l\u00e4hialueille asumattomiin saariin. Hankasalmella onkin useita hautasaaria eri puolilla kuntaa. Saarihaudoista vainajat pyrittiin siirt\u00e4m\u00e4\u00e4n talven aikana rekikeleill\u00e4 siunattuun kirkkomaahan. Moni vainaja j\u00e4i kuitenkin pysyv\u00e4sti saarihautaan, koska kaikilla vainajilla ei ollut elossa olevia omaisia tai ei ollut hautaamiseen varaa.<\/p>\n\n\n<div class=\"wp-block-image\">\n<figure class=\"alignleft\"><img loading=\"lazy\" decoding=\"async\" width=\"2592\" height=\"1944\" src=\"https:\/\/www.hankasalmenkotiseutuyhdistys.fi\/wp-content\/uploads\/suojelulaatta.jpg\" alt=\"\" class=\"wp-image-41\" srcset=\"https:\/\/www.hankasalmenkotiseutuyhdistys.fi\/wp-content\/uploads\/suojelulaatta.jpg 2592w, https:\/\/www.hankasalmenkotiseutuyhdistys.fi\/wp-content\/uploads\/suojelulaatta-300x225.jpg 300w, https:\/\/www.hankasalmenkotiseutuyhdistys.fi\/wp-content\/uploads\/suojelulaatta-1024x768.jpg 1024w, https:\/\/www.hankasalmenkotiseutuyhdistys.fi\/wp-content\/uploads\/suojelulaatta-400x300.jpg 400w\" sizes=\"auto, (max-width: 2592px) 100vw, 2592px\" \/><\/figure>\n<\/div>\n\n\n<p>Saariin j\u00e4\u00e4neiden nimi\u00e4 ei juuri tiedet\u00e4, sill\u00e4 heit\u00e4 ei ole kirjattu kuolleiden ja haudattujen luetteloihin. Tosin Kangasniemen kirkonkirjoissa on s\u00e4ilynyt useita kymmeni\u00e4 saariin haudattujen nimi\u00e4. Saariin haudattaessa uskottiin maanalaisten pysyv\u00e4n poissa sielt\u00e4 ja vainajien olevan turvassa el\u00e4imilt\u00e4. Veden ajateltiin erottavan ja tuovan turvaa ja est\u00e4v\u00e4n kalman levi\u00e4mist\u00e4 el\u00e4vien joukkoon. Ehk\u00e4p\u00e4 vesi koettiin v\u00e4yl\u00e4n\u00e4 tuonpuoleiseen.<\/p>\n\n\n<div class=\"wp-block-image\">\n<figure class=\"alignleft\"><img loading=\"lazy\" decoding=\"async\" width=\"2592\" height=\"1944\" src=\"https:\/\/www.hankasalmenkotiseutuyhdistys.fi\/wp-content\/uploads\/ruumissaariretki1.jpg\" alt=\"\" class=\"wp-image-51\" srcset=\"https:\/\/www.hankasalmenkotiseutuyhdistys.fi\/wp-content\/uploads\/ruumissaariretki1.jpg 2592w, https:\/\/www.hankasalmenkotiseutuyhdistys.fi\/wp-content\/uploads\/ruumissaariretki1-300x225.jpg 300w, https:\/\/www.hankasalmenkotiseutuyhdistys.fi\/wp-content\/uploads\/ruumissaariretki1-1024x768.jpg 1024w\" sizes=\"auto, (max-width: 2592px) 100vw, 2592px\" \/><\/figure>\n<\/div>\n\n\n<p>Kuuhankaveden etel\u00e4inen Ruumissaari siunattiin 21.7.1963 tuntemattomien vainajien leposijaksi. Kotiseutuyhdistyksen toimesta saaren pohjoisosaan suureen maakiveen kiinnitettiin risti ja kuparinen muistolaatta: \u201dRuumissaareen -1723 haudattujen muistolle.\u201d Lis\u00e4ksi Keski-Suomen museon asettama muinaisj\u00e4\u00e4nn\u00f6ksest\u00e4 kertova laatta on saaren etel\u00e4osassa sijaitsevassa kivess\u00e4.<\/p>\n\n\n\n<p>Saaren etel\u00e4isimm\u00e4ss\u00e4 osassa ns. vesij\u00e4tt\u00f6maalla on laavu ja tulipaikka retkeilij\u00f6iden iloksi. Retkeilyaluetta hoitaa Hankasalmen kunnan ymp\u00e4rist\u00f6toimi.<\/p>\n\n\n\n<hr class=\"wp-block-separator has-alpha-channel-opacity\"\/>\n\n\n\n<p><strong>Retkipaikka.fi<\/strong> -bloggaja Mikko Lemmetti k\u00e4vi retkell\u00e4 Hankasalmen ruumissaaressa. Mikon blogin voit lukea <a href=\"http:\/\/retkipaikka.fi\/vapaa\/talvinen-rekiretki-hankasalmen-ruumissaareen\/\" target=\"_blank\" rel=\"noopener\">t\u00e4st\u00e4.<\/a><\/p>\n\n\n\n<figure class=\"wp-block-image alignnone\"><img decoding=\"async\" src=\"http:\/\/i1.wp.com\/retkipaikka.fi\/vapaa\/wp-content\/uploads\/2016\/01\/RUUMISSAARI_IMG_8381.jpg?resize=1030%2C702\" alt=\"\"\/><figcaption class=\"wp-element-caption\">Mikko Lemmetin kuva ruumissaaren retkelt\u00e4. (Alkuper\u00e4inen osoitteessa retkipaikka.fi)<\/figcaption><\/figure>\n","protected":false},"excerpt":{"rendered":"<p>Kuuhankavedess\u00e4 on kaksi ruumissaarta, joista etel\u00e4inen ruumissaari on Hankasalmen kotiseutuyhdistyksen yll\u00e4pit\u00e4m\u00e4 kansallispuisto. Saaren kumpumainen osa on muinaismuistolailla suojattu historiallisen ja on kristillisen ajan hautausmaa. Saari oli muinoin Savon maakuntaa ja kuului Kangasniemen pit\u00e4j\u00e4\u00e4n ennen kuin Hankasalmen seurakunta ja kunta oli muodostettu. Saaren k\u00e4ytt\u00e4minen hautausmaana perustuu asiakirjojen mukaan 1600- ja 1700 lukujen vaihteeseen loppuen 1720-luvulla. Tavan [&hellip;]<\/p>\n","protected":false},"author":1,"featured_media":0,"parent":0,"menu_order":6,"comment_status":"closed","ping_status":"closed","template":"","meta":{"footnotes":""},"class_list":["post-18","page","type-page","status-publish","czr-hentry"],"aioseo_notices":[],"_links":{"self":[{"href":"https:\/\/www.hankasalmenkotiseutuyhdistys.fi\/index.php?rest_route=\/wp\/v2\/pages\/18","targetHints":{"allow":["GET"]}}],"collection":[{"href":"https:\/\/www.hankasalmenkotiseutuyhdistys.fi\/index.php?rest_route=\/wp\/v2\/pages"}],"about":[{"href":"https:\/\/www.hankasalmenkotiseutuyhdistys.fi\/index.php?rest_route=\/wp\/v2\/types\/page"}],"author":[{"embeddable":true,"href":"https:\/\/www.hankasalmenkotiseutuyhdistys.fi\/index.php?rest_route=\/wp\/v2\/users\/1"}],"replies":[{"embeddable":true,"href":"https:\/\/www.hankasalmenkotiseutuyhdistys.fi\/index.php?rest_route=%2Fwp%2Fv2%2Fcomments&post=18"}],"version-history":[{"count":13,"href":"https:\/\/www.hankasalmenkotiseutuyhdistys.fi\/index.php?rest_route=\/wp\/v2\/pages\/18\/revisions"}],"predecessor-version":[{"id":2643,"href":"https:\/\/www.hankasalmenkotiseutuyhdistys.fi\/index.php?rest_route=\/wp\/v2\/pages\/18\/revisions\/2643"}],"wp:attachment":[{"href":"https:\/\/www.hankasalmenkotiseutuyhdistys.fi\/index.php?rest_route=%2Fwp%2Fv2%2Fmedia&parent=18"}],"curies":[{"name":"wp","href":"https:\/\/api.w.org\/{rel}","templated":true}]}}