{"id":15,"date":"2012-07-03T07:24:38","date_gmt":"2012-07-03T07:24:38","guid":{"rendered":"http:\/\/www.hankasalmenkotiseutuyhdistys.fi\/?page_id=15"},"modified":"2024-02-27T17:45:40","modified_gmt":"2024-02-27T15:45:40","slug":"kotiseutuarkisto","status":"publish","type":"page","link":"https:\/\/www.hankasalmenkotiseutuyhdistys.fi\/?page_id=15","title":{"rendered":"Kotiseutuarkisto"},"content":{"rendered":"<div class=\"wp-block-image\">\n<figure class=\"alignright size-full is-resized\"><img loading=\"lazy\" decoding=\"async\" width=\"1440\" height=\"1920\" src=\"https:\/\/www.hankasalmenkotiseutuyhdistys.fi\/wp-content\/uploads\/ferrotyyppi.jpg\" alt=\"\" class=\"wp-image-1994\" style=\"width:304px;height:auto\" srcset=\"https:\/\/www.hankasalmenkotiseutuyhdistys.fi\/wp-content\/uploads\/ferrotyyppi.jpg 1440w, https:\/\/www.hankasalmenkotiseutuyhdistys.fi\/wp-content\/uploads\/ferrotyyppi-375x500.jpg 375w, https:\/\/www.hankasalmenkotiseutuyhdistys.fi\/wp-content\/uploads\/ferrotyyppi-300x400.jpg 300w, https:\/\/www.hankasalmenkotiseutuyhdistys.fi\/wp-content\/uploads\/ferrotyyppi-768x1024.jpg 768w, https:\/\/www.hankasalmenkotiseutuyhdistys.fi\/wp-content\/uploads\/ferrotyyppi-1152x1536.jpg 1152w\" sizes=\"auto, (max-width: 1440px) 100vw, 1440px\" \/><\/figure>\n<\/div>\n\n\n<p>Hankasalmen kotiseutuarkisto perustettiin vuonna 1994. Kotiseutuarkisto ker\u00e4\u00e4 ja tallentaa aineistoa, jolla on paikallista merkityst\u00e4. Arkisto palvelee sek\u00e4 yleisen ett\u00e4 paikallisen tutkimuksen, opetuksen, harrastuksen ja k\u00e4yt\u00e4nn\u00f6n tarpeita. Arkisto sijaitsee Hankasalmen kunnanviraston pohjakerroksessa.<\/p>\n\n\n\n<p>Kotiseutuarkistoon talletetaan esimerkiksi paikallisten yhdistysten, seurojen, yritysten, perheiden, sukujen, talojen ja yksityishenkil\u00f6iden aineistoja. T\u00e4ll\u00e4 hetkell\u00e4 kokoelmassa on yhteens\u00e4 noin 75 yhdistys- ja henkil\u00f6arkistoa. Kotiseutuarkistoon kuuluu my\u00f6s valokuva-arkisto, jonka aineistoista digitoituna on noin 2600 valokuvaa. Digitoitua aineistoa on tarkoitus l\u00e4hivuosina tuoda vapaasti selattavaksi Finna-palvelun kautta.<\/p>\n\n\n\n<p>Aineistoa arkistoon otetaan vastaan lahjoituksina. Mik\u00e4li haluat tehd\u00e4 lahjoituksen tai tarvitset tietoa arkistoista, pyyd\u00e4mme olemaan yhteydess\u00e4 kotiseutuyhdistykseen:<\/p>\n\n\n\n<p>riikka.pietilainen(at)gmail.com&nbsp;<br>tai&nbsp;jari.ahomansikka(at)gmail.com<\/p>\n\n\n\n<p>Hankasalmen kunnassa arkistoyhdyshenkil\u00f6 on <em>Terhi Lamminniemi<\/em> 014 267 1224<\/p>\n\n\n\n<div style=\"height:43px\" aria-hidden=\"true\" class=\"wp-block-spacer\"><\/div>\n\n\n<div class=\"wp-block-image\">\n<figure class=\"alignleft size-full\"><img loading=\"lazy\" decoding=\"async\" width=\"1920\" height=\"1080\" src=\"https:\/\/www.hankasalmenkotiseutuyhdistys.fi\/wp-content\/uploads\/arkistotila_1_laajakulma.jpg\" alt=\"\" class=\"wp-image-1993\" srcset=\"https:\/\/www.hankasalmenkotiseutuyhdistys.fi\/wp-content\/uploads\/arkistotila_1_laajakulma.jpg 1920w, https:\/\/www.hankasalmenkotiseutuyhdistys.fi\/wp-content\/uploads\/arkistotila_1_laajakulma-889x500.jpg 889w, https:\/\/www.hankasalmenkotiseutuyhdistys.fi\/wp-content\/uploads\/arkistotila_1_laajakulma-711x400.jpg 711w, https:\/\/www.hankasalmenkotiseutuyhdistys.fi\/wp-content\/uploads\/arkistotila_1_laajakulma-768x432.jpg 768w, https:\/\/www.hankasalmenkotiseutuyhdistys.fi\/wp-content\/uploads\/arkistotila_1_laajakulma-1536x864.jpg 1536w, https:\/\/www.hankasalmenkotiseutuyhdistys.fi\/wp-content\/uploads\/arkistotila_1_laajakulma-1110x624.jpg 1110w, https:\/\/www.hankasalmenkotiseutuyhdistys.fi\/wp-content\/uploads\/arkistotila_1_laajakulma-528x297.jpg 528w\" sizes=\"auto, (max-width: 1920px) 100vw, 1920px\" \/><\/figure>\n<\/div>","protected":false},"excerpt":{"rendered":"<p>Hankasalmen kotiseutuarkisto perustettiin vuonna 1994. Kotiseutuarkisto ker\u00e4\u00e4 ja tallentaa aineistoa, jolla on paikallista merkityst\u00e4. Arkisto palvelee sek\u00e4 yleisen ett\u00e4 paikallisen tutkimuksen, opetuksen, harrastuksen ja k\u00e4yt\u00e4nn\u00f6n tarpeita. Arkisto sijaitsee Hankasalmen kunnanviraston pohjakerroksessa. Kotiseutuarkistoon talletetaan esimerkiksi paikallisten yhdistysten, seurojen, yritysten, perheiden, sukujen, talojen ja yksityishenkil\u00f6iden aineistoja. T\u00e4ll\u00e4 hetkell\u00e4 kokoelmassa on yhteens\u00e4 noin 75 yhdistys- ja henkil\u00f6arkistoa. Kotiseutuarkistoon [&hellip;]<\/p>\n","protected":false},"author":1,"featured_media":0,"parent":0,"menu_order":5,"comment_status":"closed","ping_status":"closed","template":"","meta":{"footnotes":""},"class_list":["post-15","page","type-page","status-publish","czr-hentry"],"aioseo_notices":[],"_links":{"self":[{"href":"https:\/\/www.hankasalmenkotiseutuyhdistys.fi\/index.php?rest_route=\/wp\/v2\/pages\/15","targetHints":{"allow":["GET"]}}],"collection":[{"href":"https:\/\/www.hankasalmenkotiseutuyhdistys.fi\/index.php?rest_route=\/wp\/v2\/pages"}],"about":[{"href":"https:\/\/www.hankasalmenkotiseutuyhdistys.fi\/index.php?rest_route=\/wp\/v2\/types\/page"}],"author":[{"embeddable":true,"href":"https:\/\/www.hankasalmenkotiseutuyhdistys.fi\/index.php?rest_route=\/wp\/v2\/users\/1"}],"replies":[{"embeddable":true,"href":"https:\/\/www.hankasalmenkotiseutuyhdistys.fi\/index.php?rest_route=%2Fwp%2Fv2%2Fcomments&post=15"}],"version-history":[{"count":20,"href":"https:\/\/www.hankasalmenkotiseutuyhdistys.fi\/index.php?rest_route=\/wp\/v2\/pages\/15\/revisions"}],"predecessor-version":[{"id":1998,"href":"https:\/\/www.hankasalmenkotiseutuyhdistys.fi\/index.php?rest_route=\/wp\/v2\/pages\/15\/revisions\/1998"}],"wp:attachment":[{"href":"https:\/\/www.hankasalmenkotiseutuyhdistys.fi\/index.php?rest_route=%2Fwp%2Fv2%2Fmedia&parent=15"}],"curies":[{"name":"wp","href":"https:\/\/api.w.org\/{rel}","templated":true}]}}