{"id":12,"date":"2012-07-03T07:23:16","date_gmt":"2012-07-03T07:23:16","guid":{"rendered":"http:\/\/www.hankasalmenkotiseutuyhdistys.fi\/?page_id=12"},"modified":"2024-04-23T20:10:30","modified_gmt":"2024-04-23T17:10:30","slug":"hallan-tupa","status":"publish","type":"page","link":"https:\/\/www.hankasalmenkotiseutuyhdistys.fi\/?page_id=12","title":{"rendered":"Hallan tupa &#8211; juhla-, kokous- ja kotiseututalo"},"content":{"rendered":"<div id=\"metaslider-id-2155\" style=\"width: 100%;\" class=\"ml-slider-3-108-0 metaslider metaslider-flex metaslider-2155 ml-slider ms-theme-default nav-hidden\" role=\"region\" aria-label=\"Hallan tupa\" data-height=\"500\" data-width=\"800\">\n    <div id=\"metaslider_container_2155\">\n        <div id=\"metaslider_2155\">\n            <ul class='slides'>\n                <li style=\"display: block; width: 100%;\" class=\"slide-2272 ms-image \" aria-roledescription=\"slide\" data-date=\"2024-04-22 15:13:55\" data-filename=\"image_6483441-3-copy-scaled-800x500.jpg\" data-slide-type=\"image\"><img loading=\"lazy\" decoding=\"async\" src=\"https:\/\/www.hankasalmenkotiseutuyhdistys.fi\/wp-content\/uploads\/image_6483441-3-copy-scaled-800x500.jpg\" height=\"500\" width=\"800\" alt=\"Hallan tupa Hankasalmen museokyl\u00e4ss\u00e4\" class=\"slider-2155 slide-2272 msDefaultImage\" title=\"Hallan tupa Hankasalmen museokyl\u00e4\" \/><\/li>\n                <li style=\"display: none; width: 100%;\" class=\"slide-2273 ms-image \" aria-roledescription=\"slide\" data-date=\"2024-04-22 15:14:18\" data-filename=\"P8110135-scaled-800x500.jpg\" data-slide-type=\"image\"><img loading=\"lazy\" decoding=\"async\" src=\"https:\/\/www.hankasalmenkotiseutuyhdistys.fi\/wp-content\/uploads\/P8110135-scaled-800x500.jpg\" height=\"500\" width=\"800\" alt=\"\" class=\"slider-2155 slide-2273 msDefaultImage\" title=\"Hallan tupa sis\u00e4tilat\" \/><\/li>\n                <li style=\"display: none; width: 100%;\" class=\"slide-2275 ms-image \" aria-roledescription=\"slide\" data-date=\"2024-04-22 15:16:45\" data-filename=\"810_3322-2-scaled-800x500.jpg\" data-slide-type=\"image\"><img loading=\"lazy\" decoding=\"async\" src=\"https:\/\/www.hankasalmenkotiseutuyhdistys.fi\/wp-content\/uploads\/810_3322-2-scaled-800x500.jpg\" height=\"500\" width=\"800\" alt=\"\" class=\"slider-2155 slide-2275 msDefaultImage\" title=\"Hallan tupa\" \/><\/li>\n                <li style=\"display: none; width: 100%;\" class=\"slide-2276 ms-image \" aria-roledescription=\"slide\" data-date=\"2024-04-22 15:17:09\" data-filename=\"IMG_0956-scaled-800x500.jpeg\" data-slide-type=\"image\"><img loading=\"lazy\" decoding=\"async\" src=\"https:\/\/www.hankasalmenkotiseutuyhdistys.fi\/wp-content\/uploads\/IMG_0956-scaled-800x500.jpeg\" height=\"500\" width=\"800\" alt=\"\" class=\"slider-2155 slide-2276 msDefaultImage\" title=\"IMG_0956\" \/><\/li>\n                <li style=\"display: none; width: 100%;\" class=\"slide-2280 ms-image \" aria-roledescription=\"slide\" data-date=\"2024-04-22 15:18:57\" data-filename=\"DS2_6670-scaled-800x500.jpg\" data-slide-type=\"image\"><img loading=\"lazy\" decoding=\"async\" src=\"https:\/\/www.hankasalmenkotiseutuyhdistys.fi\/wp-content\/uploads\/DS2_6670-scaled-800x500.jpg\" height=\"500\" width=\"800\" alt=\"\" class=\"slider-2155 slide-2280 msDefaultImage\" title=\"DS2_6670\" \/><\/li>\n                <li style=\"display: none; width: 100%;\" class=\"slide-2277 ms-image \" aria-roledescription=\"slide\" data-date=\"2024-04-22 15:17:20\" data-filename=\"20230505_094440-scaled-800x500.jpg\" data-slide-type=\"image\"><img loading=\"lazy\" decoding=\"async\" src=\"https:\/\/www.hankasalmenkotiseutuyhdistys.fi\/wp-content\/uploads\/20230505_094440-scaled-800x500.jpg\" height=\"500\" width=\"800\" alt=\"\" class=\"slider-2155 slide-2277 msDefaultImage\" title=\"20230505_094440\" \/><\/li>\n                <li style=\"display: none; width: 100%;\" class=\"slide-2278 ms-image \" aria-roledescription=\"slide\" data-date=\"2024-04-22 15:17:38\" data-filename=\"810_0112-scaled-800x500.jpg\" data-slide-type=\"image\"><img loading=\"lazy\" decoding=\"async\" src=\"https:\/\/www.hankasalmenkotiseutuyhdistys.fi\/wp-content\/uploads\/810_0112-scaled-800x500.jpg\" height=\"500\" width=\"800\" alt=\"\" class=\"slider-2155 slide-2278 msDefaultImage\" title=\"Hallan tuvan peltij\u00e4rjestelm\u00e4\" \/><\/li>\n            <\/ul>\n        <\/div>\n        \n    <\/div>\n<\/div>\n\n\n\n<h4 class=\"wp-block-heading\">Historia<\/h4>\n\n\n\n<p>Hallan tuvan historia ulottuu satojen vuosien p\u00e4\u00e4h\u00e4n. Alkuper\u00e4inen Hallan tila syntyi vuonna 1620. Silloin Pieks\u00e4m\u00e4en Venetm\u00e4ess\u00e4 Vierun talosta jaettiin maata Hallan ja Suoliniemen tiloiksi. Hallan tilan sai Vierun talon tyt\u00e4r ja h\u00e4nen miehens\u00e4 Eerikki H\u00e4m\u00e4l\u00e4inen ja heid\u00e4n lapsensa. Nuori perhe aloitti rakentamaan kodikseen savutupaa, joka on nyt Hallan tuvan kirkonpuoleinen tupa.<\/p>\n\n\n\n<p>Hallan talo sijaitsi Armisveden ja Suoliveden v\u00e4lisell\u00e4 kannaksella eli nykyisest\u00e4 Hankasalmen kirkonkyl\u00e4st\u00e4 kaakkoon.<\/p>\n\n\n\n<p>Vanha-Halla oli seudun suurimpia taloja ja merkitt\u00e4v\u00e4 karjatila. Kaikkiaan Hallassa oli maata noin 800 hehtaaria. Maanviljelyksen ja karjanpidon lis\u00e4ksi k\u00e4ytiin kauppaa ja oman tilan tuotteita vietiin aina Helsinkiin ja Pietariin saakka.<\/p>\n\n\n\n<h4 class=\"wp-block-heading\">Juuret kahden eri vuosisadan savutuvassa<\/h4>\n\n\n\n<p>Malliltaan Hallan tupa on niinsanotusti paritupa. Rakennuksessa on kaksi tupaa, jotka on rakennettu eri vuosisatoina. Vanhempi &#8221;pientupa&#8221; (kirkonpuoleinen tupa) on per\u00e4isin 1620-luvulta ja &#8221;isotupa&#8221; puolestaan 1750-luvulta. Alkujaan ne olivat savutupia.<\/p>\n\n\n\n<p>Hallan tupa koki mittavan muutoksen 1800-luvulla. 1851 valmistui suuri remontti, mink\u00e4 yhteydess\u00e4 tupien uunit muutettiin ulosl\u00e4mpi\u00e4viksi. Sen merkiksi katolle ilmestyiv\u00e4t savupiiput, eli &#8221;korsteenit&#8221;.<\/p>\n\n\n\n<p>Hallan tupa sai samalla kamarit ja porstuan, kun tupien v\u00e4linen hevosilla l\u00e4piajettava keskiosa katettiin. Nykyisess\u00e4 Hallan tuvassa on nyt keskiosan kamarien paikalla suuri ja moderni keitti\u00f6.<\/p>\n\n\n\n<p>Hankasalmen museokyl\u00e4\u00e4n Hallan tupa siirrettiin vuonna 1966. Tuvan avajaisia juhlittiin 12 vuotta my\u00f6hemmin vuonna 1979.<\/p>\n\n\n\n<p><strong><a href=\"https:\/\/www.hankasalmenkotiseutuyhdistys.fi\/wp-content\/uploads\/Hallan-tupa-pohjapiirros-scaled.jpg\" target=\"_blank\" rel=\"noopener\" title=\"\">Vanha-Hallan pohjapiirros<\/a><\/strong> (piirretty Hallassa asuneen Fanny Saaren (os. Yl\u00f6nen) kertoman mukaan.<\/p>\n\n\n\n<p>Hallan tuvassa riitt\u00e4\u00e4 tilaa k\u00e4vij\u00f6ille &#8211; talo on kooltaan noin 270 m<sup>2<\/sup>. Sis\u00e4\u00e4n mahtuu kerralla on pari sataa henke\u00e4. Hallan tupa peruskorjattiin maapohjasta ullakolle saakka 2018-2020 Leader-rahoituksella \/ Maaseutukehitys ry ja noin 10 000 talkooty\u00f6tunnilla. Peruskorjauksessa haluttiin s\u00e4ilytt\u00e4\u00e4 mahdollisimman pitk\u00e4lle \u201dvanha henki\u201d. Uuden suurremontin j\u00e4lkeen Hallan tupa palvelee ja ihastuttaa entist\u00e4 ehompana paitsi museok\u00e4vij\u00f6it\u00e4 my\u00f6s erilaisten tilaisuuksien j\u00e4rjest\u00e4ji\u00e4.<\/p>\n\n\n\n<p>Hallan tupa, museokyl\u00e4 ja kirkko muodostavat yhdess\u00e4 Keski-Suomen maakunnallisesti merkitt\u00e4v\u00e4n rakennetun kulttuuriymp\u00e4rist\u00f6n. Hallan tuvan ja museokyl\u00e4n naapuriin valmistui 2020 upouusi moderni koulukeskus. N\u00e4in vierekk\u00e4in on n\u00e4ht\u00e4vill\u00e4 ja aistittavissa 400 vuoden kaari rakennuskulttuuria<\/p>\n\n\n\n<p><strong>Hallan tupa on vuokrattavissa juhlatilaisuuksiin ja kokouksiin maalis-joulukuussa. Vuokrausohjeet l\u00f6ytyv\u00e4t <a title=\"Hallan tuvan vuokraus\" href=\"https:\/\/www.hankasalmenkotiseutuyhdistys.fi\/?page_id=20\">t\u00e4\u00e4lt\u00e4.<\/a><\/strong><\/p>\n","protected":false},"excerpt":{"rendered":"<p>Historia Hallan tuvan historia ulottuu satojen vuosien p\u00e4\u00e4h\u00e4n. Alkuper\u00e4inen Hallan tila syntyi vuonna 1620. Silloin Pieks\u00e4m\u00e4en Venetm\u00e4ess\u00e4 Vierun talosta jaettiin maata Hallan ja Suoliniemen tiloiksi. Hallan tilan sai Vierun talon tyt\u00e4r ja h\u00e4nen miehens\u00e4 Eerikki H\u00e4m\u00e4l\u00e4inen ja heid\u00e4n lapsensa. Nuori perhe aloitti rakentamaan kodikseen savutupaa, joka on nyt Hallan tuvan kirkonpuoleinen tupa. Hallan talo sijaitsi [&hellip;]<\/p>\n","protected":false},"author":1,"featured_media":0,"parent":0,"menu_order":4,"comment_status":"closed","ping_status":"closed","template":"","meta":{"footnotes":""},"class_list":["post-12","page","type-page","status-publish","czr-hentry"],"aioseo_notices":[],"_links":{"self":[{"href":"https:\/\/www.hankasalmenkotiseutuyhdistys.fi\/index.php?rest_route=\/wp\/v2\/pages\/12","targetHints":{"allow":["GET"]}}],"collection":[{"href":"https:\/\/www.hankasalmenkotiseutuyhdistys.fi\/index.php?rest_route=\/wp\/v2\/pages"}],"about":[{"href":"https:\/\/www.hankasalmenkotiseutuyhdistys.fi\/index.php?rest_route=\/wp\/v2\/types\/page"}],"author":[{"embeddable":true,"href":"https:\/\/www.hankasalmenkotiseutuyhdistys.fi\/index.php?rest_route=\/wp\/v2\/users\/1"}],"replies":[{"embeddable":true,"href":"https:\/\/www.hankasalmenkotiseutuyhdistys.fi\/index.php?rest_route=%2Fwp%2Fv2%2Fcomments&post=12"}],"version-history":[{"count":29,"href":"https:\/\/www.hankasalmenkotiseutuyhdistys.fi\/index.php?rest_route=\/wp\/v2\/pages\/12\/revisions"}],"predecessor-version":[{"id":2380,"href":"https:\/\/www.hankasalmenkotiseutuyhdistys.fi\/index.php?rest_route=\/wp\/v2\/pages\/12\/revisions\/2380"}],"wp:attachment":[{"href":"https:\/\/www.hankasalmenkotiseutuyhdistys.fi\/index.php?rest_route=%2Fwp%2Fv2%2Fmedia&parent=12"}],"curies":[{"name":"wp","href":"https:\/\/api.w.org\/{rel}","templated":true}]}}